{"id":10227,"date":"2021-09-07T09:26:26","date_gmt":"2021-09-07T09:26:26","guid":{"rendered":"http:\/\/opendemo.gr\/fertility\/?page_id=10227"},"modified":"2022-11-28T12:06:48","modified_gmt":"2022-11-28T12:06:48","slug":"sperma-diagramm-samen-analyse","status":"publish","type":"page","link":"https:\/\/fertilitycrete.eu\/de\/fruchtbarkeitstherapien\/sperma-diagramm-samen-analyse\/","title":{"rendered":"Sperma Diagramm \u2013 Samen Analyse"},"content":{"rendered":"<p><div class=\"fusion-fullwidth fullwidth-box fusion-builder-row-1 fusion-flex-container nonhundred-percent-fullwidth non-hundred-percent-height-scrolling\" style=\"--awb-border-radius-top-left:0px;--awb-border-radius-top-right:0px;--awb-border-radius-bottom-right:0px;--awb-border-radius-bottom-left:0px;--awb-flex-wrap:wrap;\" ><div class=\"fusion-builder-row fusion-row fusion-flex-align-items-flex-start fusion-flex-content-wrap\" style=\"max-width:calc( 1170px + 0px );margin-left: calc(-0px \/ 2 );margin-right: calc(-0px \/ 2 );\"><div class=\"fusion-layout-column fusion_builder_column fusion-builder-column-0 fusion_builder_column_1_1 1_1 fusion-flex-column\" style=\"--awb-bg-size:cover;--awb-width-large:100%;--awb-margin-top-large:0px;--awb-spacing-right-large:0px;--awb-margin-bottom-large:5px;--awb-spacing-left-large:0px;--awb-width-medium:100%;--awb-order-medium:0;--awb-spacing-right-medium:0px;--awb-spacing-left-medium:0px;--awb-width-small:100%;--awb-order-small:0;--awb-spacing-right-small:0px;--awb-spacing-left-small:0px;\"><div class=\"fusion-column-wrapper fusion-column-has-shadow fusion-flex-justify-content-flex-start fusion-content-layout-column\">\t\t\t\t\t<div class=\"fusion-slider-container fusion-slider-sc-image-slider fusion-slider-83 full-width-slider\" style=\"height:600px; max-width:100%;\" data-id=\"83\" data-full_height=\"\">\n\t\t\t\t\t\t<style type=\"text\/css\">.fusion-slider-83 .flex-direction-nav a {width:63px;height:63px;line-height:63px;font-size:25px;}<\/style>\t\t\t\t\t\t<div class=\"fusion-slider-loading\">Loading...<\/div>\n\t\t\t\t\t\t<div class=\"tfs-slider flexslider main-flex full-width-slider\" data-slider_width=\"100%\" data-slider_height=\"600px\" data-full_screen=\"0\" data-parallax=\"0\" data-nav_arrows=\"1\" data-nav_arrow_size=\"25px\" data-nav_box_width=\"63px\" data-nav_box_height=\"63px\" data-slideshow_speed=\"3000\" data-loop=\"0\" data-autoplay=\"1\" data-orderby=\"date\" data-order=\"DESC\" data-animation=\"fade\" data-animation_speed=\"600\" data-typo_sensitivity=\"1\" data-typo_factor=\"1.5\" style=\"max-width:100%;\">\n\t\t\t\t\t\t\t<ul class=\"slides\">\n\t\t\t\t\t\t\t\t\t\t\t\t\t\t\t\t\t<li data-mute=\"yes\" data-loop=\"yes\" data-autoplay=\"yes\">\n\t\t\t\t\t\t\t\t\t\t<div class=\"slide-content-container slide-content-left\" style=\"display: none;\">\n\t\t\t\t\t\t\t\t\t\t\t<div class=\"slide-content\" style=\"\">\n\t\t\t\t\t\t\t\t\t\t\t\t\t\t\t\t\t\t\t\t\t\t\t\t\t\t\t\t\t\t\t\t\t\t\t\t\t\t\t\t\t\t\t\t\t\t\t<\/div>\n\t\t\t\t\t\t\t\t\t\t<\/div>\n\t\t\t\t\t\t\t\t\t\t\t\t\t\t\t\t\t\t\t\t\t\t\t\t\t\t\t\t\t\t\t\t\t\t\t\t\t\t\t\t<div class=\"background background-image\" style=\"background-image: url(https:\/\/fertilitycrete.eu\/wp-content\/uploads\/2021\/09\/visit02.jpg);max-width:100%;height:600px;filter: progid:DXImageTransform.Microsoft.AlphaImageLoader(src='https:\/\/fertilitycrete.eu\/wp-content\/uploads\/2021\/09\/visit02.jpg', sizingMethod='scale');\" data-imgwidth=\"2048\">\n\t\t\t\t\t\t\t\t\t\t\t\t\t\t\t\t\t\t\t\t\t\t\t\t\t\t\t\t\t\t\t\t\t\t\t\t\t\t\t\t\t\t\t\t\t\t\t\t\t\t\t\t\t\t\t\t\t\t\t\t\t\t\t\t\t\t<\/div>\n\t\t\t\t\t\t\t\t\t<\/li>\n\t\t\t\t\t\t\t\t\t\t\t\t\t\t\t\t\t<li data-mute=\"yes\" data-loop=\"yes\" data-autoplay=\"yes\">\n\t\t\t\t\t\t\t\t\t\t<div class=\"slide-content-container slide-content-left\" style=\"display: none;\">\n\t\t\t\t\t\t\t\t\t\t\t<div class=\"slide-content\" style=\"\">\n\t\t\t\t\t\t\t\t\t\t\t\t\t\t\t\t\t\t\t\t\t\t\t\t\t\t\t\t\t\t\t\t\t\t\t\t\t\t\t\t\t\t\t\t\t\t\t<\/div>\n\t\t\t\t\t\t\t\t\t\t<\/div>\n\t\t\t\t\t\t\t\t\t\t\t\t\t\t\t\t\t\t\t\t\t\t\t\t\t\t\t\t\t\t\t\t\t\t\t\t\t\t\t\t<div class=\"background background-image\" style=\"background-image: url(https:\/\/fertilitycrete.eu\/wp-content\/uploads\/2021\/09\/Italian-Family-visits-Crete-Fertility-Centre-04-scaled.jpg);max-width:100%;height:600px;filter: progid:DXImageTransform.Microsoft.AlphaImageLoader(src='https:\/\/fertilitycrete.eu\/wp-content\/uploads\/2021\/09\/Italian-Family-visits-Crete-Fertility-Centre-04-scaled.jpg', sizingMethod='scale');\" data-imgwidth=\"2560\">\n\t\t\t\t\t\t\t\t\t\t\t\t\t\t\t\t\t\t\t\t\t\t\t\t\t\t\t\t\t\t\t\t\t\t\t\t\t\t\t\t\t\t\t\t\t\t\t\t\t\t\t\t\t\t\t\t\t\t\t\t\t\t\t\t\t\t<\/div>\n\t\t\t\t\t\t\t\t\t<\/li>\n\t\t\t\t\t\t\t\t\t\t\t\t\t\t\t\t\t<li data-mute=\"yes\" data-loop=\"yes\" data-autoplay=\"yes\">\n\t\t\t\t\t\t\t\t\t\t<div class=\"slide-content-container slide-content-left\" style=\"display: none;\">\n\t\t\t\t\t\t\t\t\t\t\t<div class=\"slide-content\" style=\"\">\n\t\t\t\t\t\t\t\t\t\t\t\t\t\t\t\t\t\t\t\t\t\t\t\t\t\t\t\t\t\t\t\t\t\t\t\t\t\t\t\t\t\t\t\t\t\t\t<\/div>\n\t\t\t\t\t\t\t\t\t\t<\/div>\n\t\t\t\t\t\t\t\t\t\t\t\t\t\t\t\t\t\t\t\t\t\t\t\t\t\t\t\t\t\t\t\t\t\t\t\t\t\t\t\t<div class=\"background background-image\" style=\"background-image: url(https:\/\/fertilitycrete.eu\/wp-content\/uploads\/2021\/09\/Italian-Family-visits-Crete-Fertility-Centre-03-scaled.jpg);max-width:100%;height:600px;filter: progid:DXImageTransform.Microsoft.AlphaImageLoader(src='https:\/\/fertilitycrete.eu\/wp-content\/uploads\/2021\/09\/Italian-Family-visits-Crete-Fertility-Centre-03-scaled.jpg', sizingMethod='scale');\" data-imgwidth=\"2560\">\n\t\t\t\t\t\t\t\t\t\t\t\t\t\t\t\t\t\t\t\t\t\t\t\t\t\t\t\t\t\t\t\t\t\t\t\t\t\t\t\t\t\t\t\t\t\t\t\t\t\t\t\t\t\t\t\t\t\t\t\t\t\t\t\t\t\t<\/div>\n\t\t\t\t\t\t\t\t\t<\/li>\n\t\t\t\t\t\t\t\t\t\t\t\t\t\t\t\t\t<li data-mute=\"yes\" data-loop=\"yes\" data-autoplay=\"yes\">\n\t\t\t\t\t\t\t\t\t\t<div class=\"slide-content-container slide-content-left\" style=\"display: none;\">\n\t\t\t\t\t\t\t\t\t\t\t<div class=\"slide-content\" style=\"\">\n\t\t\t\t\t\t\t\t\t\t\t\t\t\t\t\t\t\t\t\t\t\t\t\t\t\t\t\t\t\t\t\t\t\t\t\t\t\t\t\t\t\t\t\t\t\t\t<\/div>\n\t\t\t\t\t\t\t\t\t\t<\/div>\n\t\t\t\t\t\t\t\t\t\t\t\t\t\t\t\t\t\t\t\t\t\t\t\t\t\t\t\t\t\t\t\t\t\t\t\t\t\t\t\t<div class=\"background background-image\" style=\"background-image: url(https:\/\/fertilitycrete.eu\/wp-content\/uploads\/2021\/09\/Italian-Family-visits-Crete-Fertility-Centre-02-scaled.jpg);max-width:100%;height:600px;filter: progid:DXImageTransform.Microsoft.AlphaImageLoader(src='https:\/\/fertilitycrete.eu\/wp-content\/uploads\/2021\/09\/Italian-Family-visits-Crete-Fertility-Centre-02-scaled.jpg', sizingMethod='scale');\" data-imgwidth=\"2560\">\n\t\t\t\t\t\t\t\t\t\t\t\t\t\t\t\t\t\t\t\t\t\t\t\t\t\t\t\t\t\t\t\t\t\t\t\t\t\t\t\t\t\t\t\t\t\t\t\t\t\t\t\t\t\t\t\t\t\t\t\t\t\t\t\t\t\t<\/div>\n\t\t\t\t\t\t\t\t\t<\/li>\n\t\t\t\t\t\t\t\t\t\t\t\t\t\t\t\t\t<li data-mute=\"yes\" data-loop=\"yes\" data-autoplay=\"yes\">\n\t\t\t\t\t\t\t\t\t\t<div class=\"slide-content-container slide-content-left\" style=\"display: none;\">\n\t\t\t\t\t\t\t\t\t\t\t<div class=\"slide-content\" style=\"\">\n\t\t\t\t\t\t\t\t\t\t\t\t\t\t\t\t\t\t\t\t\t\t\t\t\t\t\t\t\t\t\t\t\t\t\t\t\t\t\t\t\t\t\t\t\t\t\t<\/div>\n\t\t\t\t\t\t\t\t\t\t<\/div>\n\t\t\t\t\t\t\t\t\t\t\t\t\t\t\t\t\t\t\t\t\t\t\t\t\t\t\t\t\t\t\t\t\t\t\t\t\t\t\t\t<div class=\"background background-image\" style=\"background-image: url(https:\/\/fertilitycrete.eu\/wp-content\/uploads\/2021\/09\/Italian-Family-visits-Crete-Fertility-Centre-01-scaled.jpg);max-width:100%;height:600px;filter: progid:DXImageTransform.Microsoft.AlphaImageLoader(src='https:\/\/fertilitycrete.eu\/wp-content\/uploads\/2021\/09\/Italian-Family-visits-Crete-Fertility-Centre-01-scaled.jpg', sizingMethod='scale');\" data-imgwidth=\"2560\">\n\t\t\t\t\t\t\t\t\t\t\t\t\t\t\t\t\t\t\t\t\t\t\t\t\t\t\t\t\t\t\t\t\t\t\t\t\t\t\t\t\t\t\t\t\t\t\t\t\t\t\t\t\t\t\t\t\t\t\t\t\t\t\t\t\t\t<\/div>\n\t\t\t\t\t\t\t\t\t<\/li>\n\t\t\t\t\t\t\t\t\t\t\t\t\t\t\t\t\t<li data-mute=\"yes\" data-loop=\"yes\" data-autoplay=\"yes\">\n\t\t\t\t\t\t\t\t\t\t<div class=\"slide-content-container slide-content-left\" style=\"display: none;\">\n\t\t\t\t\t\t\t\t\t\t\t<div class=\"slide-content\" style=\"\">\n\t\t\t\t\t\t\t\t\t\t\t\t\t\t\t\t\t\t\t\t\t\t\t\t\t\t\t\t\t\t\t\t\t\t\t\t\t\t\t\t\t\t\t\t\t\t\t<\/div>\n\t\t\t\t\t\t\t\t\t\t<\/div>\n\t\t\t\t\t\t\t\t\t\t\t\t\t\t\t\t\t\t\t\t\t\t\t\t\t\t\t\t\t\t\t\t\t\t\t\t\t\t\t\t<div class=\"background background-image\" style=\"background-image: url(https:\/\/fertilitycrete.eu\/wp-content\/uploads\/2021\/10\/italian-couple-visits-crete-fertility-centre.jpg);max-width:100%;height:600px;filter: progid:DXImageTransform.Microsoft.AlphaImageLoader(src='https:\/\/fertilitycrete.eu\/wp-content\/uploads\/2021\/10\/italian-couple-visits-crete-fertility-centre.jpg', sizingMethod='scale');\" data-imgwidth=\"720\">\n\t\t\t\t\t\t\t\t\t\t\t\t\t\t\t\t\t\t\t\t\t\t\t\t\t\t\t\t\t\t\t\t\t\t\t\t\t\t\t\t\t\t\t\t\t\t\t\t\t\t\t\t\t\t\t\t\t\t\t\t\t\t\t\t\t\t<\/div>\n\t\t\t\t\t\t\t\t\t<\/li>\n\t\t\t\t\t\t\t\t\t\t\t\t\t\t\t\t\t<li data-mute=\"yes\" data-loop=\"yes\" data-autoplay=\"yes\">\n\t\t\t\t\t\t\t\t\t\t<div class=\"slide-content-container slide-content-left\" style=\"display: none;\">\n\t\t\t\t\t\t\t\t\t\t\t<div class=\"slide-content\" style=\"\">\n\t\t\t\t\t\t\t\t\t\t\t\t\t\t\t\t\t\t\t\t\t\t\t\t\t\t\t\t\t\t\t\t\t\t\t\t\t\t\t\t\t\t\t\t\t\t\t<\/div>\n\t\t\t\t\t\t\t\t\t\t<\/div>\n\t\t\t\t\t\t\t\t\t\t\t\t\t\t\t\t\t\t\t\t\t\t\t\t\t\t\t\t\t\t\t\t\t\t\t\t\t\t\t\t<div class=\"background background-image\" style=\"background-image: url(https:\/\/fertilitycrete.eu\/wp-content\/uploads\/2021\/10\/french-family-visits-dr-fraidakis-Crete-Fertility-Centre.jpg);max-width:100%;height:600px;filter: progid:DXImageTransform.Microsoft.AlphaImageLoader(src='https:\/\/fertilitycrete.eu\/wp-content\/uploads\/2021\/10\/french-family-visits-dr-fraidakis-Crete-Fertility-Centre.jpg', sizingMethod='scale');\" data-imgwidth=\"600\">\n\t\t\t\t\t\t\t\t\t\t\t\t\t\t\t\t\t\t\t\t\t\t\t\t\t\t\t\t\t\t\t\t\t\t\t\t\t\t\t\t\t\t\t\t\t\t\t\t\t\t\t\t\t\t\t\t\t\t\t\t\t\t\t\t\t\t<\/div>\n\t\t\t\t\t\t\t\t\t<\/li>\n\t\t\t\t\t\t\t\t\t\t\t\t\t\t\t\t\t<li data-mute=\"yes\" data-loop=\"yes\" data-autoplay=\"yes\">\n\t\t\t\t\t\t\t\t\t\t<div class=\"slide-content-container slide-content-left\" style=\"display: none;\">\n\t\t\t\t\t\t\t\t\t\t\t<div class=\"slide-content\" style=\"\">\n\t\t\t\t\t\t\t\t\t\t\t\t\t\t\t\t\t\t\t\t\t\t\t\t\t\t\t\t\t\t\t\t\t\t\t\t\t\t\t\t\t\t\t\t\t\t\t<\/div>\n\t\t\t\t\t\t\t\t\t\t<\/div>\n\t\t\t\t\t\t\t\t\t\t\t\t\t\t\t\t\t\t\t\t\t\t\t\t\t\t\t\t\t\t\t\t\t\t\t\t\t\t\t\t<div class=\"background background-image\" style=\"background-image: url(https:\/\/fertilitycrete.eu\/wp-content\/uploads\/2021\/10\/doc25-scaled.jpg);max-width:100%;height:600px;filter: progid:DXImageTransform.Microsoft.AlphaImageLoader(src='https:\/\/fertilitycrete.eu\/wp-content\/uploads\/2021\/10\/doc25-scaled.jpg', sizingMethod='scale');\" data-imgwidth=\"2560\">\n\t\t\t\t\t\t\t\t\t\t\t\t\t\t\t\t\t\t\t\t\t\t\t\t\t\t\t\t\t\t\t\t\t\t\t\t\t\t\t\t\t\t\t\t\t\t\t\t\t\t\t\t\t\t\t\t\t\t\t\t\t\t\t\t\t\t<\/div>\n\t\t\t\t\t\t\t\t\t<\/li>\n\t\t\t\t\t\t\t\t\t\t\t\t\t\t\t\t\t<li data-mute=\"yes\" data-loop=\"yes\" data-autoplay=\"yes\">\n\t\t\t\t\t\t\t\t\t\t<div class=\"slide-content-container slide-content-left\" style=\"display: none;\">\n\t\t\t\t\t\t\t\t\t\t\t<div class=\"slide-content\" style=\"\">\n\t\t\t\t\t\t\t\t\t\t\t\t\t\t\t\t\t\t\t\t\t\t\t\t\t\t\t\t\t\t\t\t\t\t\t\t\t\t\t\t\t\t\t\t\t\t\t<\/div>\n\t\t\t\t\t\t\t\t\t\t<\/div>\n\t\t\t\t\t\t\t\t\t\t\t\t\t\t\t\t\t\t\t\t\t\t\t\t\t\t\t\t\t\t\t\t\t\t\t\t\t\t\t\t<div class=\"background background-image\" style=\"background-image: url(https:\/\/fertilitycrete.eu\/wp-content\/uploads\/2021\/10\/doc24.jpg);max-width:100%;height:600px;filter: progid:DXImageTransform.Microsoft.AlphaImageLoader(src='https:\/\/fertilitycrete.eu\/wp-content\/uploads\/2021\/10\/doc24.jpg', sizingMethod='scale');\" data-imgwidth=\"2048\">\n\t\t\t\t\t\t\t\t\t\t\t\t\t\t\t\t\t\t\t\t\t\t\t\t\t\t\t\t\t\t\t\t\t\t\t\t\t\t\t\t\t\t\t\t\t\t\t\t\t\t\t\t\t\t\t\t\t\t\t\t\t\t\t\t\t\t<\/div>\n\t\t\t\t\t\t\t\t\t<\/li>\n\t\t\t\t\t\t\t\t\t\t\t\t\t\t\t\t\t<li data-mute=\"yes\" data-loop=\"yes\" data-autoplay=\"yes\">\n\t\t\t\t\t\t\t\t\t\t<div class=\"slide-content-container slide-content-left\" style=\"display: none;\">\n\t\t\t\t\t\t\t\t\t\t\t<div class=\"slide-content\" style=\"\">\n\t\t\t\t\t\t\t\t\t\t\t\t\t\t\t\t\t\t\t\t\t\t\t\t\t\t\t\t\t\t\t\t\t\t\t\t\t\t\t\t\t\t\t\t\t\t\t<\/div>\n\t\t\t\t\t\t\t\t\t\t<\/div>\n\t\t\t\t\t\t\t\t\t\t\t\t\t\t\t\t\t\t\t\t\t\t\t\t\t\t\t\t\t\t\t\t\t\t\t\t\t\t\t\t<div class=\"background background-image\" style=\"background-image: url(https:\/\/fertilitycrete.eu\/wp-content\/uploads\/2021\/10\/doc22-scaled.jpg);max-width:100%;height:600px;filter: progid:DXImageTransform.Microsoft.AlphaImageLoader(src='https:\/\/fertilitycrete.eu\/wp-content\/uploads\/2021\/10\/doc22-scaled.jpg', sizingMethod='scale');\" data-imgwidth=\"2560\">\n\t\t\t\t\t\t\t\t\t\t\t\t\t\t\t\t\t\t\t\t\t\t\t\t\t\t\t\t\t\t\t\t\t\t\t\t\t\t\t\t\t\t\t\t\t\t\t\t\t\t\t\t\t\t\t\t\t\t\t\t\t\t\t\t\t\t<\/div>\n\t\t\t\t\t\t\t\t\t<\/li>\n\t\t\t\t\t\t\t\t\t\t\t\t\t\t\t\t\t<li data-mute=\"yes\" data-loop=\"yes\" data-autoplay=\"yes\">\n\t\t\t\t\t\t\t\t\t\t<div class=\"slide-content-container slide-content-left\" style=\"display: none;\">\n\t\t\t\t\t\t\t\t\t\t\t<div class=\"slide-content\" style=\"\">\n\t\t\t\t\t\t\t\t\t\t\t\t\t\t\t\t\t\t\t\t\t\t\t\t\t\t\t\t\t\t\t\t\t\t\t\t\t\t\t\t\t\t\t\t\t\t\t<\/div>\n\t\t\t\t\t\t\t\t\t\t<\/div>\n\t\t\t\t\t\t\t\t\t\t\t\t\t\t\t\t\t\t\t\t\t\t\t\t\t\t\t\t\t\t\t\t\t\t\t\t\t\t\t\t<div class=\"background background-image\" style=\"background-image: url(https:\/\/fertilitycrete.eu\/wp-content\/uploads\/2021\/10\/doc21-scaled.jpg);max-width:100%;height:600px;filter: progid:DXImageTransform.Microsoft.AlphaImageLoader(src='https:\/\/fertilitycrete.eu\/wp-content\/uploads\/2021\/10\/doc21-scaled.jpg', sizingMethod='scale');\" data-imgwidth=\"2560\">\n\t\t\t\t\t\t\t\t\t\t\t\t\t\t\t\t\t\t\t\t\t\t\t\t\t\t\t\t\t\t\t\t\t\t\t\t\t\t\t\t\t\t\t\t\t\t\t\t\t\t\t\t\t\t\t\t\t\t\t\t\t\t\t\t\t\t<\/div>\n\t\t\t\t\t\t\t\t\t<\/li>\n\t\t\t\t\t\t\t\t\t\t\t\t\t\t\t\t\t<li data-mute=\"yes\" data-loop=\"yes\" data-autoplay=\"yes\">\n\t\t\t\t\t\t\t\t\t\t<div class=\"slide-content-container slide-content-left\" style=\"display: none;\">\n\t\t\t\t\t\t\t\t\t\t\t<div class=\"slide-content\" style=\"\">\n\t\t\t\t\t\t\t\t\t\t\t\t\t\t\t\t\t\t\t\t\t\t\t\t\t\t\t\t\t\t\t\t\t\t\t\t\t\t\t\t\t\t\t\t\t\t\t<\/div>\n\t\t\t\t\t\t\t\t\t\t<\/div>\n\t\t\t\t\t\t\t\t\t\t\t\t\t\t\t\t\t\t\t\t\t\t\t\t\t\t\t\t\t\t\t\t\t\t\t\t\t\t\t\t<div class=\"background background-image\" style=\"background-image: url(https:\/\/fertilitycrete.eu\/wp-content\/uploads\/2021\/10\/doc20-scaled.jpg);max-width:100%;height:600px;filter: progid:DXImageTransform.Microsoft.AlphaImageLoader(src='https:\/\/fertilitycrete.eu\/wp-content\/uploads\/2021\/10\/doc20-scaled.jpg', sizingMethod='scale');\" data-imgwidth=\"2560\">\n\t\t\t\t\t\t\t\t\t\t\t\t\t\t\t\t\t\t\t\t\t\t\t\t\t\t\t\t\t\t\t\t\t\t\t\t\t\t\t\t\t\t\t\t\t\t\t\t\t\t\t\t\t\t\t\t\t\t\t\t\t\t\t\t\t\t<\/div>\n\t\t\t\t\t\t\t\t\t<\/li>\n\t\t\t\t\t\t\t\t\t\t\t\t\t\t\t\t\t<li data-mute=\"yes\" data-loop=\"yes\" data-autoplay=\"yes\">\n\t\t\t\t\t\t\t\t\t\t<div class=\"slide-content-container slide-content-left\" style=\"display: none;\">\n\t\t\t\t\t\t\t\t\t\t\t<div class=\"slide-content\" style=\"\">\n\t\t\t\t\t\t\t\t\t\t\t\t\t\t\t\t\t\t\t\t\t\t\t\t\t\t\t\t\t\t\t\t\t\t\t\t\t\t\t\t\t\t\t\t\t\t\t<\/div>\n\t\t\t\t\t\t\t\t\t\t<\/div>\n\t\t\t\t\t\t\t\t\t\t\t\t\t\t\t\t\t\t\t\t\t\t\t\t\t\t\t\t\t\t\t\t\t\t\t\t\t\t\t\t<div class=\"background background-image\" style=\"background-image: url(https:\/\/fertilitycrete.eu\/wp-content\/uploads\/2021\/10\/doc02.jpg);max-width:100%;height:600px;filter: progid:DXImageTransform.Microsoft.AlphaImageLoader(src='https:\/\/fertilitycrete.eu\/wp-content\/uploads\/2021\/10\/doc02.jpg', sizingMethod='scale');\" data-imgwidth=\"1789\">\n\t\t\t\t\t\t\t\t\t\t\t\t\t\t\t\t\t\t\t\t\t\t\t\t\t\t\t\t\t\t\t\t\t\t\t\t\t\t\t\t\t\t\t\t\t\t\t\t\t\t\t\t\t\t\t\t\t\t\t\t\t\t\t\t\t\t<\/div>\n\t\t\t\t\t\t\t\t\t<\/li>\n\t\t\t\t\t\t\t\t\t\t\t\t\t\t\t\t\t<li data-mute=\"yes\" data-loop=\"yes\" data-autoplay=\"yes\">\n\t\t\t\t\t\t\t\t\t\t<div class=\"slide-content-container slide-content-left\" style=\"display: none;\">\n\t\t\t\t\t\t\t\t\t\t\t<div class=\"slide-content\" style=\"\">\n\t\t\t\t\t\t\t\t\t\t\t\t\t\t\t\t\t\t\t\t\t\t\t\t\t\t\t\t\t\t\t\t\t\t\t\t\t\t\t\t\t\t\t\t\t\t\t<\/div>\n\t\t\t\t\t\t\t\t\t\t<\/div>\n\t\t\t\t\t\t\t\t\t\t\t\t\t\t\t\t\t\t\t\t\t\t\t\t\t\t\t\t\t\t\t\t\t\t\t\t\t\t\t\t<div class=\"background background-image\" style=\"background-image: url(https:\/\/fertilitycrete.eu\/wp-content\/uploads\/2021\/10\/doc01-1.jpg);max-width:100%;height:600px;filter: progid:DXImageTransform.Microsoft.AlphaImageLoader(src='https:\/\/fertilitycrete.eu\/wp-content\/uploads\/2021\/10\/doc01-1.jpg', sizingMethod='scale');\" data-imgwidth=\"533\">\n\t\t\t\t\t\t\t\t\t\t\t\t\t\t\t\t\t\t\t\t\t\t\t\t\t\t\t\t\t\t\t\t\t\t\t\t\t\t\t\t\t\t\t\t\t\t\t\t\t\t\t\t\t\t\t\t\t\t\t\t\t\t\t\t\t\t<\/div>\n\t\t\t\t\t\t\t\t\t<\/li>\n\t\t\t\t\t\t\t\t\t\t\t\t\t\t\t\t\t\t\t\t\t\t\t<\/ul>\n\t\t\t\t\t\t<\/div>\n\t\t\t\t\t<\/div>\n\t\t\t\t\t\t\t\t<div class=\"fusion-title title fusion-title-1 fusion-title-text fusion-title-size-two\" id=\"postpagetitle\"><div class=\"title-sep-container title-sep-container-left fusion-no-large-visibility fusion-no-medium-visibility fusion-no-small-visibility\"><div class=\"title-sep sep- sep-solid\" style=\"border-color:#e2e2e2;\"><\/div><\/div><span class=\"awb-title-spacer fusion-no-large-visibility fusion-no-medium-visibility fusion-no-small-visibility\"><\/span><h2 class=\"fusion-title-heading title-heading-left fusion-responsive-typography-calculated\" style=\"margin:0;--fontSize:48;line-height:1.2;\">Doc01<\/h2><span class=\"awb-title-spacer\"><\/span><div class=\"title-sep-container title-sep-container-right\"><div class=\"title-sep sep- sep-solid\" style=\"border-color:#e2e2e2;\"><\/div><\/div><\/div><\/div><\/div><\/div><\/div><div class=\"fusion-fullwidth fullwidth-box fusion-builder-row-2 fusion-flex-container nonhundred-percent-fullwidth non-hundred-percent-height-scrolling\" style=\"--awb-border-radius-top-left:0px;--awb-border-radius-top-right:0px;--awb-border-radius-bottom-right:0px;--awb-border-radius-bottom-left:0px;--awb-flex-wrap:wrap;\" ><div class=\"fusion-builder-row fusion-row fusion-flex-align-items-flex-start fusion-flex-content-wrap\" style=\"max-width:1216.8px;margin-left: calc(-4% \/ 2 );margin-right: calc(-4% \/ 2 );\"><div class=\"fusion-layout-column fusion_builder_column fusion-builder-column-1 fusion_builder_column_1_1 1_1 fusion-flex-column\" style=\"--awb-bg-size:cover;--awb-width-large:100%;--awb-margin-top-large:0px;--awb-spacing-right-large:1.92%;--awb-margin-bottom-large:5px;--awb-spacing-left-large:1.92%;--awb-width-medium:100%;--awb-order-medium:0;--awb-spacing-right-medium:1.92%;--awb-spacing-left-medium:1.92%;--awb-width-small:100%;--awb-order-small:0;--awb-spacing-right-small:1.92%;--awb-spacing-left-small:1.92%;\"><div class=\"fusion-column-wrapper fusion-column-has-shadow fusion-flex-justify-content-flex-start fusion-content-layout-column\"><div class=\"fusion-text fusion-text-1\"><p>Ein Sperma Diagramm oder eine Samen Analyse wird gemacht,um festzustellen, ob ein Mann in der Lage ist, eine Frau zu schw\u00e4ngern. Die Samenanalyse besteht aus vielen Teilen und Tests, die Informationen \u00fcber Sperma und Samen liefern. Um die Fruchtbarkeit zu pr\u00fcfen, sollte die Samenanalyse mindestens 2 Proben mit einem zeitlichen Abstand von 7 Tagen \u00fcber einen Zeitraum enthalten, da einige Umst\u00e4nde die Spermienanzahl beeinflussen k\u00f6nnen.<\/p>\n<p>Eine Samenprobe weist folgende Merkmale auf:<\/p>\n<ul>\n<li>Oligospermie, wenn die Anzahl der Spermatoz\u00f6n niedriger als normal ist (&lt;20millionen\/ml)<\/li>\n<li>Asthenospermie, wenn der Prozentsatz der beweglichen Spermatoz\u00f6n gering ist.<\/li>\n<li>Oligoasthenospermie , wenn die Anzahl und die Beweglichkeit niedriger als normal sind.<\/li>\n<li>Teratospermie, wenn ein gro\u00dfer Prozentsatz von fehlerhaften Spermatoz\u00f6n gemessen wird.<\/li>\n<li>Azoospermie, wenn keine Spermatoz\u00f6n vorhanden sind.<\/li>\n<\/ul>\n<p>Die Samen Analyse kann durchgef\u00fchrt werden, um die Anzahl der Spermien zu messen, nachdem ein Mann eine Vasektomie hatte. Wenn immer noch gen\u00fcgend Sperma im Samen vorhanden ist, muss das Paar weiterhin Verh\u00fctungsmittel benutzen, damit die Frau nicht schwanger wird. Der Mann muss dann noch ein paar Spermatests machen, bis kein Sperma mehr in den Proben gefunden wird.<\/p>\n<p>Die typische Samenmenge, die als Probe genommen wird, macht einen halben oder einen vollen Teel\u00f6fel (2-6 Mililiter) Fl\u00fcssigkeit aus. Weniger Samen w\u00fcrde auch weniger Sperma bedeuten, und das w\u00fcrde die Fruchtbarkeit beeinflussen. Mehr Samen zeigen, dass zu viel Fl\u00fcssigkeit vorhanden ist, welche das Sperma verd\u00fcnnt, was wiederum die Fruchtbarkeit aufh\u00e4lt.<\/p>\n<p>Sperma Konzentration (auch Sperma Dichte genannt) wird in Millionen von Sperma pro Mililiter Samen gemessen. Ein normaler Wert liegt bei 20 Millionen oder mehr Sperma pro Mililiter Samen (und mehr als 80 Millionen Sperma in einer Ejakulation). Wenn die Probe weniger Sperma beinhaltet, sinken die Chancen, dass die Frau vom Mann schwanger wird. Ein Mann, der gerade erst eine Vasektomie hatte, sollte kein Sperma in der Probe aufweisen.<\/p>\n<p>Motilit\u00e4t ist der Prozentsatz der beweglichen Samenzellen in einer Probe. Wenn die Probe langsam bewegliches oder unbewegliches Sperma beinhaltet, sinken die Chancen der Frau auf Schwangerschaft. Die Entwicklung des Spermas wird mit Zahlen von 0 (keine Beweglichkeit) bis 4 (Sperma ,das sich mit einer guten Geschwindigkeit auf einer geraden Linie bewegt) gemessen.<\/p>\n<p>Wenn weniger als die H\u00e4lfte des Spermas beweglich ist, wird ein Kontrastmittel verwendet, um festzustellen, wieviel totes Sperma vorhanden ist. Dieses wird als Sperma-Lebensf\u00e4higkeits-Test bezeichnet.<\/p>\n<p>Morphologie Analyse ist die Studie der Gr\u00f6\u00dfe, Form und Erscheinung des Spermas. Die Analyse bewertet die Struktur von 200 Spermien und beschreibt die Defekte. Wenn viele abnormale Spermien vorhanden sind, verschlechert sich die Fruchtbarkeit.<\/p>\n<\/div><\/div><\/div><\/div><\/div><\/p>\n","protected":false},"excerpt":{"rendered":"","protected":false},"author":1,"featured_media":0,"parent":9855,"menu_order":0,"comment_status":"closed","ping_status":"closed","template":"","meta":{"footnotes":""},"class_list":["post-10227","page","type-page","status-publish","hentry"],"_links":{"self":[{"href":"https:\/\/fertilitycrete.eu\/de\/wp-json\/wp\/v2\/pages\/10227","targetHints":{"allow":["GET"]}}],"collection":[{"href":"https:\/\/fertilitycrete.eu\/de\/wp-json\/wp\/v2\/pages"}],"about":[{"href":"https:\/\/fertilitycrete.eu\/de\/wp-json\/wp\/v2\/types\/page"}],"author":[{"embeddable":true,"href":"https:\/\/fertilitycrete.eu\/de\/wp-json\/wp\/v2\/users\/1"}],"replies":[{"embeddable":true,"href":"https:\/\/fertilitycrete.eu\/de\/wp-json\/wp\/v2\/comments?post=10227"}],"version-history":[{"count":5,"href":"https:\/\/fertilitycrete.eu\/de\/wp-json\/wp\/v2\/pages\/10227\/revisions"}],"predecessor-version":[{"id":13973,"href":"https:\/\/fertilitycrete.eu\/de\/wp-json\/wp\/v2\/pages\/10227\/revisions\/13973"}],"up":[{"embeddable":true,"href":"https:\/\/fertilitycrete.eu\/de\/wp-json\/wp\/v2\/pages\/9855"}],"wp:attachment":[{"href":"https:\/\/fertilitycrete.eu\/de\/wp-json\/wp\/v2\/media?parent=10227"}],"curies":[{"name":"wp","href":"https:\/\/api.w.org\/{rel}","templated":true}]}}