{"id":9788,"date":"2021-09-07T09:13:56","date_gmt":"2021-09-07T09:13:56","guid":{"rendered":"http:\/\/opendemo.gr\/fertility\/?page_id=9788"},"modified":"2022-03-21T11:13:24","modified_gmt":"2022-03-21T11:13:24","slug":"ursachen-weiblicher-unfruchtbarkeit","status":"publish","type":"page","link":"https:\/\/fertilitycrete.eu\/de\/ursachen-der-unfruchtbarkeit\/ursachen-weiblicher-unfruchtbarkeit\/","title":{"rendered":"Ursachen weiblicher Unfruchtbarkeit"},"content":{"rendered":"<p><div class=\"fusion-fullwidth fullwidth-box fusion-builder-row-1 fusion-flex-container nonhundred-percent-fullwidth non-hundred-percent-height-scrolling\" style=\"--awb-border-radius-top-left:0px;--awb-border-radius-top-right:0px;--awb-border-radius-bottom-right:0px;--awb-border-radius-bottom-left:0px;--awb-flex-wrap:wrap;\" ><div class=\"fusion-builder-row fusion-row fusion-flex-align-items-flex-start fusion-flex-content-wrap\" style=\"max-width:calc( 1170px + 0px );margin-left: calc(-0px \/ 2 );margin-right: calc(-0px \/ 2 );\"><div class=\"fusion-layout-column fusion_builder_column fusion-builder-column-0 fusion_builder_column_1_1 1_1 fusion-flex-column\" style=\"--awb-bg-size:cover;--awb-width-large:100%;--awb-margin-top-large:0px;--awb-spacing-right-large:0px;--awb-margin-bottom-large:5px;--awb-spacing-left-large:0px;--awb-width-medium:100%;--awb-order-medium:0;--awb-spacing-right-medium:0px;--awb-spacing-left-medium:0px;--awb-width-small:100%;--awb-order-small:0;--awb-spacing-right-small:0px;--awb-spacing-left-small:0px;\"><div class=\"fusion-column-wrapper fusion-column-has-shadow fusion-flex-justify-content-flex-start fusion-content-layout-column\">\t\t\t\t\t<div class=\"fusion-slider-container fusion-slider-sc-facilitiesslider fusion-slider-93 full-width-slider\" style=\"height:400px; max-width:100%;\" data-id=\"93\" data-full_height=\"\">\n\t\t\t\t\t\t<style type=\"text\/css\">.fusion-slider-93 .flex-direction-nav a {width:63px;height:63px;line-height:63px;font-size:25px;}<\/style>\t\t\t\t\t\t<div class=\"fusion-slider-loading\">Loading...<\/div>\n\t\t\t\t\t\t<div class=\"tfs-slider flexslider main-flex full-width-slider\" data-slider_width=\"100%\" data-slider_height=\"400px\" data-full_screen=\"0\" data-parallax=\"0\" data-nav_arrows=\"1\" data-nav_arrow_size=\"25px\" data-nav_box_width=\"63px\" data-nav_box_height=\"63px\" data-slideshow_speed=\"3000\" data-loop=\"0\" data-autoplay=\"1\" data-orderby=\"date\" data-order=\"DESC\" data-animation=\"fade\" data-animation_speed=\"600\" data-typo_sensitivity=\"1\" data-typo_factor=\"1.5\" style=\"max-width:100%;\">\n\t\t\t\t\t\t\t<ul class=\"slides\">\n\t\t\t\t\t\t\t\t\t\t\t\t\t\t\t\t\t<li data-mute=\"yes\" data-loop=\"yes\" data-autoplay=\"yes\">\n\t\t\t\t\t\t\t\t\t\t<div class=\"slide-content-container slide-content-left\" style=\"display: none;\">\n\t\t\t\t\t\t\t\t\t\t\t<div class=\"slide-content\" style=\"\">\n\t\t\t\t\t\t\t\t\t\t\t\t\t\t\t\t\t\t\t\t\t\t\t\t\t\t\t\t\t\t\t\t\t\t\t\t\t\t\t\t\t\t\t\t\t\t\t<\/div>\n\t\t\t\t\t\t\t\t\t\t<\/div>\n\t\t\t\t\t\t\t\t\t\t\t\t\t\t\t\t\t\t\t\t\t\t\t\t\t\t\t\t\t\t\t\t\t\t\t\t\t\t\t\t<div class=\"background background-image\" style=\"background-image: url(https:\/\/fertilitycrete.eu\/wp-content\/uploads\/2017\/12\/new-facilities-photo-10-scaled.jpg);max-width:100%;height:400px;filter: progid:DXImageTransform.Microsoft.AlphaImageLoader(src='https:\/\/fertilitycrete.eu\/wp-content\/uploads\/2017\/12\/new-facilities-photo-10-scaled.jpg', sizingMethod='scale');\" data-imgwidth=\"2560\">\n\t\t\t\t\t\t\t\t\t\t\t\t\t\t\t\t\t\t\t\t\t\t\t\t\t\t\t\t\t\t\t\t\t\t\t\t\t\t\t\t\t\t\t\t\t\t\t\t\t\t\t\t\t\t\t\t\t\t\t\t\t\t\t\t\t\t<\/div>\n\t\t\t\t\t\t\t\t\t<\/li>\n\t\t\t\t\t\t\t\t\t\t\t\t\t\t\t\t\t<li data-mute=\"yes\" data-loop=\"yes\" data-autoplay=\"yes\">\n\t\t\t\t\t\t\t\t\t\t<div class=\"slide-content-container slide-content-left\" style=\"display: none;\">\n\t\t\t\t\t\t\t\t\t\t\t<div class=\"slide-content\" style=\"\">\n\t\t\t\t\t\t\t\t\t\t\t\t\t\t\t\t\t\t\t\t\t\t\t\t\t\t\t\t\t\t\t\t\t\t\t\t\t\t\t\t\t\t\t\t\t\t\t<\/div>\n\t\t\t\t\t\t\t\t\t\t<\/div>\n\t\t\t\t\t\t\t\t\t\t\t\t\t\t\t\t\t\t\t\t\t\t\t\t\t\t\t\t\t\t\t\t\t\t\t\t\t\t\t\t<div class=\"background background-image\" style=\"background-image: url(https:\/\/fertilitycrete.eu\/wp-content\/uploads\/2017\/12\/new-facilities-photo-9-scaled.jpg);max-width:100%;height:400px;filter: progid:DXImageTransform.Microsoft.AlphaImageLoader(src='https:\/\/fertilitycrete.eu\/wp-content\/uploads\/2017\/12\/new-facilities-photo-9-scaled.jpg', sizingMethod='scale');\" data-imgwidth=\"2560\">\n\t\t\t\t\t\t\t\t\t\t\t\t\t\t\t\t\t\t\t\t\t\t\t\t\t\t\t\t\t\t\t\t\t\t\t\t\t\t\t\t\t\t\t\t\t\t\t\t\t\t\t\t\t\t\t\t\t\t\t\t\t\t\t\t\t\t<\/div>\n\t\t\t\t\t\t\t\t\t<\/li>\n\t\t\t\t\t\t\t\t\t\t\t\t\t\t\t\t\t<li data-mute=\"yes\" data-loop=\"yes\" data-autoplay=\"yes\">\n\t\t\t\t\t\t\t\t\t\t<div class=\"slide-content-container slide-content-left\" style=\"display: none;\">\n\t\t\t\t\t\t\t\t\t\t\t<div class=\"slide-content\" style=\"\">\n\t\t\t\t\t\t\t\t\t\t\t\t\t\t\t\t\t\t\t\t\t\t\t\t\t\t\t\t\t\t\t\t\t\t\t\t\t\t\t\t\t\t\t\t\t\t\t<\/div>\n\t\t\t\t\t\t\t\t\t\t<\/div>\n\t\t\t\t\t\t\t\t\t\t\t\t\t\t\t\t\t\t\t\t\t\t\t\t\t\t\t\t\t\t\t\t\t\t\t\t\t\t\t\t<div class=\"background background-image\" style=\"background-image: url(https:\/\/fertilitycrete.eu\/wp-content\/uploads\/2017\/12\/new-facilities-photo-8-scaled.jpg);max-width:100%;height:400px;filter: progid:DXImageTransform.Microsoft.AlphaImageLoader(src='https:\/\/fertilitycrete.eu\/wp-content\/uploads\/2017\/12\/new-facilities-photo-8-scaled.jpg', sizingMethod='scale');\" data-imgwidth=\"2560\">\n\t\t\t\t\t\t\t\t\t\t\t\t\t\t\t\t\t\t\t\t\t\t\t\t\t\t\t\t\t\t\t\t\t\t\t\t\t\t\t\t\t\t\t\t\t\t\t\t\t\t\t\t\t\t\t\t\t\t\t\t\t\t\t\t\t\t<\/div>\n\t\t\t\t\t\t\t\t\t<\/li>\n\t\t\t\t\t\t\t\t\t\t\t\t\t\t\t\t\t<li data-mute=\"yes\" data-loop=\"yes\" data-autoplay=\"yes\">\n\t\t\t\t\t\t\t\t\t\t<div class=\"slide-content-container slide-content-left\" style=\"display: none;\">\n\t\t\t\t\t\t\t\t\t\t\t<div class=\"slide-content\" style=\"\">\n\t\t\t\t\t\t\t\t\t\t\t\t\t\t\t\t\t\t\t\t\t\t\t\t\t\t\t\t\t\t\t\t\t\t\t\t\t\t\t\t\t\t\t\t\t\t\t<\/div>\n\t\t\t\t\t\t\t\t\t\t<\/div>\n\t\t\t\t\t\t\t\t\t\t\t\t\t\t\t\t\t\t\t\t\t\t\t\t\t\t\t\t\t\t\t\t\t\t\t\t\t\t\t\t<div class=\"background background-image\" style=\"background-image: url(https:\/\/fertilitycrete.eu\/wp-content\/uploads\/2017\/12\/new-facilities-photo-7-scaled.jpg);max-width:100%;height:400px;filter: progid:DXImageTransform.Microsoft.AlphaImageLoader(src='https:\/\/fertilitycrete.eu\/wp-content\/uploads\/2017\/12\/new-facilities-photo-7-scaled.jpg', sizingMethod='scale');\" data-imgwidth=\"2560\">\n\t\t\t\t\t\t\t\t\t\t\t\t\t\t\t\t\t\t\t\t\t\t\t\t\t\t\t\t\t\t\t\t\t\t\t\t\t\t\t\t\t\t\t\t\t\t\t\t\t\t\t\t\t\t\t\t\t\t\t\t\t\t\t\t\t\t<\/div>\n\t\t\t\t\t\t\t\t\t<\/li>\n\t\t\t\t\t\t\t\t\t\t\t\t\t\t\t\t\t<li data-mute=\"yes\" data-loop=\"yes\" data-autoplay=\"yes\">\n\t\t\t\t\t\t\t\t\t\t<div class=\"slide-content-container slide-content-left\" style=\"display: none;\">\n\t\t\t\t\t\t\t\t\t\t\t<div class=\"slide-content\" style=\"\">\n\t\t\t\t\t\t\t\t\t\t\t\t\t\t\t\t\t\t\t\t\t\t\t\t\t\t\t\t\t\t\t\t\t\t\t\t\t\t\t\t\t\t\t\t\t\t\t<\/div>\n\t\t\t\t\t\t\t\t\t\t<\/div>\n\t\t\t\t\t\t\t\t\t\t\t\t\t\t\t\t\t\t\t\t\t\t\t\t\t\t\t\t\t\t\t\t\t\t\t\t\t\t\t\t<div class=\"background background-image\" style=\"background-image: url(https:\/\/fertilitycrete.eu\/wp-content\/uploads\/2017\/12\/new-facilities-photo-6-scaled.jpg);max-width:100%;height:400px;filter: progid:DXImageTransform.Microsoft.AlphaImageLoader(src='https:\/\/fertilitycrete.eu\/wp-content\/uploads\/2017\/12\/new-facilities-photo-6-scaled.jpg', sizingMethod='scale');\" data-imgwidth=\"2560\">\n\t\t\t\t\t\t\t\t\t\t\t\t\t\t\t\t\t\t\t\t\t\t\t\t\t\t\t\t\t\t\t\t\t\t\t\t\t\t\t\t\t\t\t\t\t\t\t\t\t\t\t\t\t\t\t\t\t\t\t\t\t\t\t\t\t\t<\/div>\n\t\t\t\t\t\t\t\t\t<\/li>\n\t\t\t\t\t\t\t\t\t\t\t\t\t\t\t\t\t<li data-mute=\"yes\" data-loop=\"yes\" data-autoplay=\"yes\">\n\t\t\t\t\t\t\t\t\t\t<div class=\"slide-content-container slide-content-left\" style=\"display: none;\">\n\t\t\t\t\t\t\t\t\t\t\t<div class=\"slide-content\" style=\"\">\n\t\t\t\t\t\t\t\t\t\t\t\t\t\t\t\t\t\t\t\t\t\t\t\t\t\t\t\t\t\t\t\t\t\t\t\t\t\t\t\t\t\t\t\t\t\t\t<\/div>\n\t\t\t\t\t\t\t\t\t\t<\/div>\n\t\t\t\t\t\t\t\t\t\t\t\t\t\t\t\t\t\t\t\t\t\t\t\t\t\t\t\t\t\t\t\t\t\t\t\t\t\t\t\t<div class=\"background background-image\" style=\"background-image: url(https:\/\/fertilitycrete.eu\/wp-content\/uploads\/2017\/12\/new-facilities-photo-5-scaled.jpg);max-width:100%;height:400px;filter: progid:DXImageTransform.Microsoft.AlphaImageLoader(src='https:\/\/fertilitycrete.eu\/wp-content\/uploads\/2017\/12\/new-facilities-photo-5-scaled.jpg', sizingMethod='scale');\" data-imgwidth=\"2560\">\n\t\t\t\t\t\t\t\t\t\t\t\t\t\t\t\t\t\t\t\t\t\t\t\t\t\t\t\t\t\t\t\t\t\t\t\t\t\t\t\t\t\t\t\t\t\t\t\t\t\t\t\t\t\t\t\t\t\t\t\t\t\t\t\t\t\t<\/div>\n\t\t\t\t\t\t\t\t\t<\/li>\n\t\t\t\t\t\t\t\t\t\t\t\t\t\t\t\t\t<li data-mute=\"yes\" data-loop=\"yes\" data-autoplay=\"yes\">\n\t\t\t\t\t\t\t\t\t\t<div class=\"slide-content-container slide-content-left\" style=\"display: none;\">\n\t\t\t\t\t\t\t\t\t\t\t<div class=\"slide-content\" style=\"\">\n\t\t\t\t\t\t\t\t\t\t\t\t\t\t\t\t\t\t\t\t\t\t\t\t\t\t\t\t\t\t\t\t\t\t\t\t\t\t\t\t\t\t\t\t\t\t\t<\/div>\n\t\t\t\t\t\t\t\t\t\t<\/div>\n\t\t\t\t\t\t\t\t\t\t\t\t\t\t\t\t\t\t\t\t\t\t\t\t\t\t\t\t\t\t\t\t\t\t\t\t\t\t\t\t<div class=\"background background-image\" style=\"background-image: url(https:\/\/fertilitycrete.eu\/wp-content\/uploads\/2017\/12\/new-facilities-photo-4-scaled.jpg);max-width:100%;height:400px;filter: progid:DXImageTransform.Microsoft.AlphaImageLoader(src='https:\/\/fertilitycrete.eu\/wp-content\/uploads\/2017\/12\/new-facilities-photo-4-scaled.jpg', sizingMethod='scale');\" data-imgwidth=\"2560\">\n\t\t\t\t\t\t\t\t\t\t\t\t\t\t\t\t\t\t\t\t\t\t\t\t\t\t\t\t\t\t\t\t\t\t\t\t\t\t\t\t\t\t\t\t\t\t\t\t\t\t\t\t\t\t\t\t\t\t\t\t\t\t\t\t\t\t<\/div>\n\t\t\t\t\t\t\t\t\t<\/li>\n\t\t\t\t\t\t\t\t\t\t\t\t\t\t\t\t\t<li data-mute=\"yes\" data-loop=\"yes\" data-autoplay=\"yes\">\n\t\t\t\t\t\t\t\t\t\t<div class=\"slide-content-container slide-content-left\" style=\"display: none;\">\n\t\t\t\t\t\t\t\t\t\t\t<div class=\"slide-content\" style=\"\">\n\t\t\t\t\t\t\t\t\t\t\t\t\t\t\t\t\t\t\t\t\t\t\t\t\t\t\t\t\t\t\t\t\t\t\t\t\t\t\t\t\t\t\t\t\t\t\t<\/div>\n\t\t\t\t\t\t\t\t\t\t<\/div>\n\t\t\t\t\t\t\t\t\t\t\t\t\t\t\t\t\t\t\t\t\t\t\t\t\t\t\t\t\t\t\t\t\t\t\t\t\t\t\t\t<div class=\"background background-image\" style=\"background-image: url(https:\/\/fertilitycrete.eu\/wp-content\/uploads\/2017\/12\/new-facilities-photo-3-scaled.jpg);max-width:100%;height:400px;filter: progid:DXImageTransform.Microsoft.AlphaImageLoader(src='https:\/\/fertilitycrete.eu\/wp-content\/uploads\/2017\/12\/new-facilities-photo-3-scaled.jpg', sizingMethod='scale');\" data-imgwidth=\"2560\">\n\t\t\t\t\t\t\t\t\t\t\t\t\t\t\t\t\t\t\t\t\t\t\t\t\t\t\t\t\t\t\t\t\t\t\t\t\t\t\t\t\t\t\t\t\t\t\t\t\t\t\t\t\t\t\t\t\t\t\t\t\t\t\t\t\t\t<\/div>\n\t\t\t\t\t\t\t\t\t<\/li>\n\t\t\t\t\t\t\t\t\t\t\t\t\t\t\t\t\t<li data-mute=\"yes\" data-loop=\"yes\" data-autoplay=\"yes\">\n\t\t\t\t\t\t\t\t\t\t<div class=\"slide-content-container slide-content-left\" style=\"display: none;\">\n\t\t\t\t\t\t\t\t\t\t\t<div class=\"slide-content\" style=\"\">\n\t\t\t\t\t\t\t\t\t\t\t\t\t\t\t\t\t\t\t\t\t\t\t\t\t\t\t\t\t\t\t\t\t\t\t\t\t\t\t\t\t\t\t\t\t\t\t<\/div>\n\t\t\t\t\t\t\t\t\t\t<\/div>\n\t\t\t\t\t\t\t\t\t\t\t\t\t\t\t\t\t\t\t\t\t\t\t\t\t\t\t\t\t\t\t\t\t\t\t\t\t\t\t\t<div class=\"background background-image\" style=\"background-image: url(https:\/\/fertilitycrete.eu\/wp-content\/uploads\/2017\/12\/new-facilities-photo-2-scaled.jpg);max-width:100%;height:400px;filter: progid:DXImageTransform.Microsoft.AlphaImageLoader(src='https:\/\/fertilitycrete.eu\/wp-content\/uploads\/2017\/12\/new-facilities-photo-2-scaled.jpg', sizingMethod='scale');\" data-imgwidth=\"2560\">\n\t\t\t\t\t\t\t\t\t\t\t\t\t\t\t\t\t\t\t\t\t\t\t\t\t\t\t\t\t\t\t\t\t\t\t\t\t\t\t\t\t\t\t\t\t\t\t\t\t\t\t\t\t\t\t\t\t\t\t\t\t\t\t\t\t\t<\/div>\n\t\t\t\t\t\t\t\t\t<\/li>\n\t\t\t\t\t\t\t\t\t\t\t\t\t\t\t\t\t<li data-mute=\"yes\" data-loop=\"yes\" data-autoplay=\"yes\">\n\t\t\t\t\t\t\t\t\t\t<div class=\"slide-content-container slide-content-left\" style=\"display: none;\">\n\t\t\t\t\t\t\t\t\t\t\t<div class=\"slide-content\" style=\"\">\n\t\t\t\t\t\t\t\t\t\t\t\t\t\t\t\t\t\t\t\t\t\t\t\t\t\t\t\t\t\t\t\t\t\t\t\t\t\t\t\t\t\t\t\t\t\t\t<\/div>\n\t\t\t\t\t\t\t\t\t\t<\/div>\n\t\t\t\t\t\t\t\t\t\t\t\t\t\t\t\t\t\t\t\t\t\t\t\t\t\t\t\t\t\t\t\t\t\t\t\t\t\t\t\t<div class=\"background background-image\" style=\"background-image: url(https:\/\/fertilitycrete.eu\/wp-content\/uploads\/2017\/12\/new-facilities-photo-1-scaled.jpg);max-width:100%;height:400px;filter: progid:DXImageTransform.Microsoft.AlphaImageLoader(src='https:\/\/fertilitycrete.eu\/wp-content\/uploads\/2017\/12\/new-facilities-photo-1-scaled.jpg', sizingMethod='scale');\" data-imgwidth=\"2560\">\n\t\t\t\t\t\t\t\t\t\t\t\t\t\t\t\t\t\t\t\t\t\t\t\t\t\t\t\t\t\t\t\t\t\t\t\t\t\t\t\t\t\t\t\t\t\t\t\t\t\t\t\t\t\t\t\t\t\t\t\t\t\t\t\t\t\t<\/div>\n\t\t\t\t\t\t\t\t\t<\/li>\n\t\t\t\t\t\t\t\t\t\t\t\t\t\t\t\t\t\t\t\t\t\t\t<\/ul>\n\t\t\t\t\t\t<\/div>\n\t\t\t\t\t<\/div>\n\t\t\t\t\t\t\t\t<div class=\"fusion-title title fusion-title-1 fusion-title-text fusion-title-size-two\" id=\"postpagetitle\"><div class=\"title-sep-container title-sep-container-left fusion-no-large-visibility fusion-no-medium-visibility fusion-no-small-visibility\"><div class=\"title-sep sep- sep-solid\" style=\"border-color:#e2e2e2;\"><\/div><\/div><span class=\"awb-title-spacer fusion-no-large-visibility fusion-no-medium-visibility fusion-no-small-visibility\"><\/span><h2 class=\"fusion-title-heading title-heading-left fusion-responsive-typography-calculated\" style=\"margin:0;--fontSize:48;line-height:1.2;\">Clinic01<\/h2><span class=\"awb-title-spacer\"><\/span><div class=\"title-sep-container title-sep-container-right\"><div class=\"title-sep sep- sep-solid\" style=\"border-color:#e2e2e2;\"><\/div><\/div><\/div><div class=\"fusion-text fusion-text-1\" style=\"--awb-content-alignment:justify;\"><\/div><\/div><\/div><\/div><\/div><div class=\"fusion-fullwidth fullwidth-box fusion-builder-row-2 fusion-flex-container nonhundred-percent-fullwidth non-hundred-percent-height-scrolling\" style=\"--awb-border-radius-top-left:0px;--awb-border-radius-top-right:0px;--awb-border-radius-bottom-right:0px;--awb-border-radius-bottom-left:0px;--awb-flex-wrap:wrap;\" ><div class=\"fusion-builder-row fusion-row fusion-flex-align-items-flex-start fusion-flex-content-wrap\" style=\"max-width:1216.8px;margin-left: calc(-4% \/ 2 );margin-right: calc(-4% \/ 2 );\"><div class=\"fusion-layout-column fusion_builder_column fusion-builder-column-1 fusion_builder_column_1_1 1_1 fusion-flex-column\" style=\"--awb-bg-size:cover;--awb-width-large:100%;--awb-margin-top-large:0px;--awb-spacing-right-large:1.92%;--awb-margin-bottom-large:5px;--awb-spacing-left-large:1.92%;--awb-width-medium:100%;--awb-order-medium:0;--awb-spacing-right-medium:1.92%;--awb-spacing-left-medium:1.92%;--awb-width-small:100%;--awb-order-small:0;--awb-spacing-right-small:1.92%;--awb-spacing-left-small:1.92%;\"><div class=\"fusion-column-wrapper fusion-column-has-shadow fusion-flex-justify-content-flex-start fusion-content-layout-column\"><div class=\"fusion-text fusion-text-2\" style=\"--awb-content-alignment:justify;\" id=\"textblock\"><div class=\"span7 main_content\">\n<div class=\"content\">\n<p>Die h\u00e4ufigste Ursache fur Unfruchtbarkeit bei Frauen ist eine St\u00f6rung des Eisprungs. Weitere Ursachen der weiblichen Unfruchtbarkeit sind blockierte Eileiter, welche dann vorkommen, wenn die Frau eine entz\u00fcndliche Erkankung in der Beckengegend oder eine Endometriose (ein manchmal schmerzhafter Zustand,der Adh\u00e4sion und Zysten verursacht) hatte. Angeborene Defekte, einschlie\u00dflich die Struktur der Geb\u00e4rmutter und Geb\u00e4rmutterfibrome, sind verbunden mit wiederholten Fehlgeburten.<\/p>\n<p>Bei Frauen gibt es m\u00f6gliche Faktoren, die manchmal mit Unfruchtbarkeit verbunden sind. Ein aktives Sexualleben, welches in sehr jungem Alter beginnt, vermehrte Schwangerschaftsabbr\u00fcche und mehrere Sexualpartner (sexuell \u00fcbertragbare Krankheiten wie Chlamydien etc). Die wichtigste Ursache jedoch gilt fuer Frauen,die sich entscheiden, ein Kind erst im sp\u00e4teren Alter (Ende 30 bis Ende 40) zu bekommen, weil sie ihre Priorit\u00e4ten auf Bildung, Karriere und Zeit, um den richtigen Mann zu finden,setzen.<\/p>\n<h2>Eisprung- St\u00f6rungen<\/h2>\n<p>Eisprung -St\u00f6rungen sind die Ursache f\u00fcr Unfruchtbarkeit bei 25% der Paare. Sie k\u00f6nnen verursacht werden durch M\u00e4ngel in der Regulierung der Fortpflanzungshormone vom Hypothalamus oder der Hirnanhangsdr\u00fcse oder von den Eierst\u00f6cken. Man hat eine Eispring -St\u00f6rung ,wenn der Eisprung selten oder \u00fcberhaupt nicht vorkommt.<\/p>\n<h2>Abnormale FSH und LH Sektretion<\/h2>\n<p>Die 2 Hormone, die jeden Monat den Eisprung regulieren \u2013 Follikel- stimulierende Hormone (FSH) und Luteinisierendes Hormon (LH)- werden von der Hirnanhangsdr\u00fcse nach spezifischem Muster w\u00e4hrend des Menstruationszyklus produziert. \u00dcbersch\u00fcssiger physischer oder emotionaler Stress oder sehr hohes oder geringes K\u00f6rpergewicht k\u00f6nnen dieses Muster st\u00f6ren und den Eisprung beeinflussen. Die wichtigsten Zeichen daf\u00fcr sind irregul\u00e4re oder abwesende Perioden. In seltenen F\u00e4llen sind bestimmte Erkrankungen der Hirnanhangsdr\u00fcse, oft im Zusammenhang mit anderen Hormonendefiziten, die Ursache.<\/p>\n<h2>Polyzystisches Ovarialsyndrom (PCOS)<\/h2>\n<p>Beim PCOS geschehen komplexe \u00c4nderungen im Hypothalamus, der Hirnanhangsdr\u00fcse und dem Eierstock. Das f\u00fchrt zur \u00dcberproduktion der m\u00e4nnlichen Hormone (Androgene) ,welche den Eisprung beeinflussen. PCOS kann auch mit Insulinresistenz und \u00dcbergewicht zusammenh\u00e4ngen.<\/p>\n<h2>Luteal &#8211; Phasen-Dysfunktion<\/h2>\n<p>Luteal-Phasen- Dysfunktion kommt vor, wenn der Eierstock nach dem Eisprung nicht genug Progesteron produziert. Progesteron ist notwendig zur Vorbereitung der Geb\u00e4rmutterschleimhaut f\u00fcr ein befruchtetes Ei.<\/p>\n<h2>Vorzeitiger Ausfall des Eisprungs<\/h2>\n<p>Diese St\u00f6rung r\u00fchrt meistens von einer Art Autoimmun- Antwort her, bei der der K\u00f6rper f\u00e4lschlicherweise das Eierstockgewebe attackiert. Das Resultat ist der Verlust der Eizellen in der Eierst\u00f6cken sowie eine geringe \u00d6strogenproduktion.<\/p>\n<h2>Besch\u00e4digung der Eileiter<\/h2>\n<p>Wenn die Eileiter besch\u00e4digt oder blockiert sind, wird verhindert, dass das Sperma zum Ei gelangt oder undurchl\u00e4ssig f\u00fcr den Durchgang vom befruchteten Ei in die Geb\u00e4rmutter wird. Ursachen der Besch\u00e4digung der Eileiter sind unter anderem:<\/p>\n<ul>\n<li>Entz\u00fcndung der Eileiter (Salpingitis) wegen Chlamydien oder Gonorrh\u00f6.<\/li>\n<li>Eine vorherige Bauchh\u00f6hlenschwangerschaft, bei welcher sich ein befruchtetes Ei in den Eileiter eingepflanzt hat und sich dort entwickelt antstatt in der Geb\u00e4rmutter.<\/li>\n<li>Vorhergehende Operation im Bauch- oder Beckenbereich.<\/li>\n<\/ul>\n<h2>Endometriose<\/h2>\n<p>Endometriose kommt vor, wenn Gewebe, welches sich normalerweise in der Geb\u00e4rmutter entwickelt, sich an einer anderen Stelle entwickelt und dort w\u00e4chst. Dieses \u00fcbersch\u00fcssige Gewebe \u2013 und seine chirurgische Entfernung- kann Narben bilden, welche die Fruchtbarkeit beeintr\u00e4chtigen. Forscher nehmen an, dass das \u00fcbersch\u00fcssige Gewebe auch Substanzen produziert, die bei der Konzeption intervenieren.<\/p>\n<h2>Zervikale Verengung oder Blockierung<\/h2>\n<p>Wird auch als zervikale Stenose bezeichnet. Dieser Zustand wird von einer vererbten Missbildung oder Besch\u00e4digung der Zervix verursacht. Als Ergebnis kann die Zervix nicht die beste Schleimqualit\u00e4t produzieren, welche f\u00fcr die Mobilit\u00e4t und die Befruchtung notwendig ist. Au\u00dferdem kann die zervikale \u00d6ffnung blockiert sein,was dazu f\u00fchrt, dass kein Sperma das Ei erreichen kann.<\/p>\n<h2>Ursachen der Geb\u00e4rmutter<\/h2>\n<p>Gutartige Polypen oder Tumore (Fibroid oder Myom) in der Geb\u00e4rmutter, gew\u00f6hnlich bei Frauen im dritten Lebensjahrzehnt. Dieser Zustand beeintr\u00e4chtigt die Fruchtbarkeit, weil die Eileiter blockiert werden oder weil das Ei nicht eingepflanzt werden kann. Jedoch k\u00f6nnen viele Frauen, die Myome haben, schwanger werden. Narbenbildung in der Geb\u00e4rmutter kann auch das Einpflanzen verhindern und einige Frauen, die angeborene Geb\u00e4rmutteranomalien haben wie eine deformierte (z.B.zweih\u00f6rnige) Geb\u00e4rmutter, haben Schwierigkeiten, schwanger zu werden oder zu bleiben.<\/p>\n<h2>Zus\u00e4tzliche Faktoren<\/h2>\n<p><strong>Andere Variablen, die zur weiblichen Unfruchtbarkeit f\u00fchren:<\/strong> Mindestens 10% aller F\u00e4lle weiblicher Unfruchtbarkeit werden von Anomalien der Geb\u00e4rmutter verursacht. Zust\u00e4nde wie Myome, Polypen und Adenomyosen k\u00f6nnen sowohl die Eileiter als auch die Geb\u00e4rmutter blockieren. Angeborene Anomalien wie eine septierte Geb\u00e4rmutter k\u00f6nnen zu wiederholten Fehlgeburten oder zu Schwierigkeiten der Empf\u00e4ngnis f\u00fchren. Ungef\u00e4hr 3% der Paare haben Fruchtbarkeitsprobleme wegen der Geb\u00e4rmutterhalsschleimhaut. Die Schleimhaut muss eine gewisse Konsistenz haben und in gen\u00fcgender Menge vorhanden sein, damit Sperma problemlos darin gleiten kann. Der h\u00e4ufigste Grund f\u00fcr eine schlechte Schleimhautqualit\u00e4t sind hormonelle Schwankungen wie zu wenig \u00d6stgrogen oder zu viel Progesteron.<\/p>\n<h2>Faktoren, die mit Verhalten zu tun haben<\/h2>\n<p>Es ist bekannt, dass bestimmte Gewohnheiten und der Lebensstil die Gesundheit beeinflussen. Viele von diesen Faktoren k\u00f6nnen die Fruchtbarkeit eines Paares beeintr\u00e4chtigen. Gl\u00fccklicherweise k\u00f6nnen die meisten dieser Faktoren reguliert werden, so dass nicht nur die Chancen f\u00fcr eine Schwangerschaft erh\u00f6ht werden, sondern auch die gesammte Gesundheit verbessert werden kann.<\/p>\n<h2>Ern\u00e4hrung und Sport<\/h2>\n<p>Optimale Fortpflanzungsfunktionen erfordern beides: Eine anst\u00e4ndige Ern\u00e4hrung und angemessene Bewegung bzw. Sport. Frauen, die entweder sehr \u00fcber- oder untergewichtig sind, haben manchmal Probleme, schwanger zu werden.<\/p>\n<h2>Rauchen<\/h2>\n<p>Es ist bekannt, dass das Zigarettenrauchen die Spermaanzahl verringert und bei Frauen schlechtere Eizellenqualit\u00e4t verursacht. Au\u00dferdem erh\u00f6ht Rauchen das Risiko f\u00fcr eine Fehlgeburt, Fr\u00fchgeburt und hat oft geringes Geburtsgewicht zur Folge. Wenn entweder beide Partner rauchen oder nur der eine, sinkt die Chance einer nat\u00fcrlichen Empf\u00e4ngnis oder auch einer In-Vitro-Befruchtung.<\/p>\n<h2>Alkohol<\/h2>\n<p>Alkoholkonsum steigert bedeutend das Risiko der Geburtsdefekte bei Frauen, und wenn sich Alkohol in gro\u00dfen Mengen im Blut der Mutter befindet, kann Alkoholembryopathie auftretten. Alkohol beeinflusst auch die Anzahl der Samenzellen beim Mann.<\/p>\n<h2>Drogen<\/h2>\n<p>Drogen wie Marihuana und Anabolika k\u00f6nnen die Anzahl der Samenzellen beeinflussen. Kokainkonsum kann beim Embryo schwere Retardation und Nierenprobleme verursachen. Es handelt sich wahrscheinlich um die schlimmste Droge, die eine Schwangere konsumieren kann. Vergn\u00fcgungsdrogen sollten vermieden warden, wenn die Frau schwanger werden will, aber auch w\u00e4hrend der Schwangerschaft.<\/p>\n<h2>Umwelt- und Berufsfaktoren<\/h2>\n<p>Wenn man sich am Arbeitsplatz oder in der Umwelt verschiedenen Giften oder Chemikalien aussetzt, kann die F\u00e4higkeit, zu empfangen, beeinflusst werden. Substanzen, die Mutationen, Geburtsdefekte, Abtreibung, Unfruchtbarkeit oder Sterilit\u00e4t verursachen, werden als Fortpflanzungsgifte bezeichnet. Erkrankungen der Unfruchtbarkeit, Fortpflanzung, pl\u00f6tzlicher Abort und Geburten von Teratogenen geh\u00f6ren in den U.S. zu den 10 h\u00e4ufigsten Zust\u00e4nden und Verletzungen, die von bestimmten Arbeiten beeinflusst werden. Trotz verschiedener Ansichten wurde \u00fcberpr\u00fcft, ob Gifte die Fruchtbarkeit beeintr\u00e4chtigen. Es wurden 4 Chemikalien festgestellt, die reguliert werden k\u00f6nnen, um so die Nebenwirkungen auf die Fruchtbarkeit zu vermeiden.<\/p>\n<h2>Blei<\/h2>\n<p>Es wurde gezeigt, dass die Fruchtbarkeit eines Menschen negativ beeinflusst wird, wenn man sich Blei aussetzt.Es kann Teratosperma (Abnormales) Sperma verursachen, und die Substanz f\u00fchrt auch zur Schwangerschaftsunterbrechung.<\/p>\n<h2>Medizinische Therapien und Stoffe<\/h2>\n<p>Es wurde erforscht, dass, wenn man sich wiederholt Strahlung aussetzt, von einfachen X-Rays bis zur Chemotherapie, die Spermaproduktion modifiziert wird und es zu vielen Eierstockproblemen beitragen kann.<\/p>\n<h2>Ethylenoxid<\/h2>\n<p>Es handelt sich um eine Chemikalie, die bei der Sterilisation von chirurgischen Instrumenten und bei der Herstellung von Pestiziden benutzt wird. Ethylenoxid kann Geburtsdefekte oder Fehlgeburten in der fr\u00fchen Schwangerschaft verursachen.<\/p>\n<h2>Dibromchlorpropan (DBCP)<\/h2>\n<p>Eine Chemikalie, die auch in Pestiziden gefunden wird, verursacht Eierstockerkrankungen, die zu verschiedenen Gesundheitsproblemen f\u00fchren k\u00f6nnen wie vorzeitige Menopause. Das kann die Fruchtbarkeit direkt beeinflussen<\/p>\n<\/div>\n<\/div>\n<div class=\"span2 right_contact_form\">\n<div id=\"wpcf7-f5577-o1\" class=\"wpcf7\" dir=\"ltr\" lang=\"de-DE\" role=\"form\">\n<form class=\"wpcf7-form init\" action=\"\/de\/ursachen-weiblicher-unfruchtbarkeit\/#wpcf7-f5577-o1\" method=\"post\" novalidate=\"novalidate\" data-status=\"init\">\n<p class=\"wpcf7-submit-container\">\n<\/form>\n<\/div>\n<\/div>\n<div class=\"span2 right_contact_form\">\n<div id=\"wpcf7-f5577-o1\" class=\"wpcf7\" dir=\"ltr\" lang=\"de-DE\" role=\"form\">\n<form class=\"wpcf7-form init\" action=\"\/de\/ursachen-weiblicher-unfruchtbarkeit\/#wpcf7-f5577-o1\" method=\"post\" novalidate=\"novalidate\" data-status=\"init\">\n<p class=\"wpcf7-submit-container\">\n<\/form>\n<\/div>\n<\/div>\n<\/div><\/div><\/div><\/div><\/div><\/p>\n","protected":false},"excerpt":{"rendered":"","protected":false},"author":1,"featured_media":0,"parent":9419,"menu_order":0,"comment_status":"closed","ping_status":"closed","template":"","meta":{"footnotes":""},"class_list":["post-9788","page","type-page","status-publish","hentry"],"_links":{"self":[{"href":"https:\/\/fertilitycrete.eu\/de\/wp-json\/wp\/v2\/pages\/9788","targetHints":{"allow":["GET"]}}],"collection":[{"href":"https:\/\/fertilitycrete.eu\/de\/wp-json\/wp\/v2\/pages"}],"about":[{"href":"https:\/\/fertilitycrete.eu\/de\/wp-json\/wp\/v2\/types\/page"}],"author":[{"embeddable":true,"href":"https:\/\/fertilitycrete.eu\/de\/wp-json\/wp\/v2\/users\/1"}],"replies":[{"embeddable":true,"href":"https:\/\/fertilitycrete.eu\/de\/wp-json\/wp\/v2\/comments?post=9788"}],"version-history":[{"count":9,"href":"https:\/\/fertilitycrete.eu\/de\/wp-json\/wp\/v2\/pages\/9788\/revisions"}],"predecessor-version":[{"id":9797,"href":"https:\/\/fertilitycrete.eu\/de\/wp-json\/wp\/v2\/pages\/9788\/revisions\/9797"}],"up":[{"embeddable":true,"href":"https:\/\/fertilitycrete.eu\/de\/wp-json\/wp\/v2\/pages\/9419"}],"wp:attachment":[{"href":"https:\/\/fertilitycrete.eu\/de\/wp-json\/wp\/v2\/media?parent=9788"}],"curies":[{"name":"wp","href":"https:\/\/api.w.org\/{rel}","templated":true}]}}