{"id":9886,"date":"2021-09-07T09:31:08","date_gmt":"2021-09-07T09:31:08","guid":{"rendered":"http:\/\/opendemo.gr\/fertility\/?page_id=9886"},"modified":"2022-03-21T11:47:14","modified_gmt":"2022-03-21T11:47:14","slug":"array-cgh","status":"publish","type":"page","link":"https:\/\/fertilitycrete.eu\/de\/fruchtbarkeitstherapien\/array-cgh\/","title":{"rendered":"Array CGH"},"content":{"rendered":"<p><div class=\"fusion-fullwidth fullwidth-box fusion-builder-row-1 fusion-flex-container nonhundred-percent-fullwidth non-hundred-percent-height-scrolling\" style=\"--awb-border-radius-top-left:0px;--awb-border-radius-top-right:0px;--awb-border-radius-bottom-right:0px;--awb-border-radius-bottom-left:0px;--awb-flex-wrap:wrap;\" ><div class=\"fusion-builder-row fusion-row fusion-flex-align-items-flex-start fusion-flex-content-wrap\" style=\"max-width:calc( 1170px + 0px );margin-left: calc(-0px \/ 2 );margin-right: calc(-0px \/ 2 );\"><div class=\"fusion-layout-column fusion_builder_column fusion-builder-column-0 fusion_builder_column_1_1 1_1 fusion-flex-column\" style=\"--awb-bg-size:cover;--awb-width-large:100%;--awb-margin-top-large:0px;--awb-spacing-right-large:0px;--awb-margin-bottom-large:5px;--awb-spacing-left-large:0px;--awb-width-medium:100%;--awb-order-medium:0;--awb-spacing-right-medium:0px;--awb-spacing-left-medium:0px;--awb-width-small:100%;--awb-order-small:0;--awb-spacing-right-small:0px;--awb-spacing-left-small:0px;\"><div class=\"fusion-column-wrapper fusion-column-has-shadow fusion-flex-justify-content-flex-start fusion-content-layout-column\">\t\t\t\t\t<div class=\"fusion-slider-container fusion-slider-sc-image-slider fusion-slider-83 full-width-slider\" style=\"height:600px; max-width:100%;\" data-id=\"83\" data-full_height=\"\">\n\t\t\t\t\t\t<style type=\"text\/css\">.fusion-slider-83 .flex-direction-nav a {width:63px;height:63px;line-height:63px;font-size:25px;}<\/style>\t\t\t\t\t\t<div class=\"fusion-slider-loading\">Loading...<\/div>\n\t\t\t\t\t\t<div class=\"tfs-slider flexslider main-flex full-width-slider\" data-slider_width=\"100%\" data-slider_height=\"600px\" data-full_screen=\"0\" data-parallax=\"0\" data-nav_arrows=\"1\" data-nav_arrow_size=\"25px\" data-nav_box_width=\"63px\" data-nav_box_height=\"63px\" data-slideshow_speed=\"3000\" data-loop=\"0\" data-autoplay=\"1\" data-orderby=\"date\" data-order=\"DESC\" data-animation=\"fade\" data-animation_speed=\"600\" data-typo_sensitivity=\"1\" data-typo_factor=\"1.5\" style=\"max-width:100%;\">\n\t\t\t\t\t\t\t<ul class=\"slides\">\n\t\t\t\t\t\t\t\t\t\t\t\t\t\t\t\t\t<li data-mute=\"yes\" data-loop=\"yes\" data-autoplay=\"yes\">\n\t\t\t\t\t\t\t\t\t\t<div class=\"slide-content-container slide-content-left\" style=\"display: none;\">\n\t\t\t\t\t\t\t\t\t\t\t<div class=\"slide-content\" style=\"\">\n\t\t\t\t\t\t\t\t\t\t\t\t\t\t\t\t\t\t\t\t\t\t\t\t\t\t\t\t\t\t\t\t\t\t\t\t\t\t\t\t\t\t\t\t\t\t\t<\/div>\n\t\t\t\t\t\t\t\t\t\t<\/div>\n\t\t\t\t\t\t\t\t\t\t\t\t\t\t\t\t\t\t\t\t\t\t\t\t\t\t\t\t\t\t\t\t\t\t\t\t\t\t\t\t<div class=\"background background-image\" style=\"background-image: url(https:\/\/fertilitycrete.eu\/wp-content\/uploads\/2021\/09\/visit02.jpg);max-width:100%;height:600px;filter: progid:DXImageTransform.Microsoft.AlphaImageLoader(src='https:\/\/fertilitycrete.eu\/wp-content\/uploads\/2021\/09\/visit02.jpg', sizingMethod='scale');\" data-imgwidth=\"2048\">\n\t\t\t\t\t\t\t\t\t\t\t\t\t\t\t\t\t\t\t\t\t\t\t\t\t\t\t\t\t\t\t\t\t\t\t\t\t\t\t\t\t\t\t\t\t\t\t\t\t\t\t\t\t\t\t\t\t\t\t\t\t\t\t\t\t\t<\/div>\n\t\t\t\t\t\t\t\t\t<\/li>\n\t\t\t\t\t\t\t\t\t\t\t\t\t\t\t\t\t<li data-mute=\"yes\" data-loop=\"yes\" data-autoplay=\"yes\">\n\t\t\t\t\t\t\t\t\t\t<div class=\"slide-content-container slide-content-left\" style=\"display: none;\">\n\t\t\t\t\t\t\t\t\t\t\t<div class=\"slide-content\" style=\"\">\n\t\t\t\t\t\t\t\t\t\t\t\t\t\t\t\t\t\t\t\t\t\t\t\t\t\t\t\t\t\t\t\t\t\t\t\t\t\t\t\t\t\t\t\t\t\t\t<\/div>\n\t\t\t\t\t\t\t\t\t\t<\/div>\n\t\t\t\t\t\t\t\t\t\t\t\t\t\t\t\t\t\t\t\t\t\t\t\t\t\t\t\t\t\t\t\t\t\t\t\t\t\t\t\t<div class=\"background background-image\" style=\"background-image: url(https:\/\/fertilitycrete.eu\/wp-content\/uploads\/2021\/09\/Italian-Family-visits-Crete-Fertility-Centre-04-scaled.jpg);max-width:100%;height:600px;filter: progid:DXImageTransform.Microsoft.AlphaImageLoader(src='https:\/\/fertilitycrete.eu\/wp-content\/uploads\/2021\/09\/Italian-Family-visits-Crete-Fertility-Centre-04-scaled.jpg', sizingMethod='scale');\" data-imgwidth=\"2560\">\n\t\t\t\t\t\t\t\t\t\t\t\t\t\t\t\t\t\t\t\t\t\t\t\t\t\t\t\t\t\t\t\t\t\t\t\t\t\t\t\t\t\t\t\t\t\t\t\t\t\t\t\t\t\t\t\t\t\t\t\t\t\t\t\t\t\t<\/div>\n\t\t\t\t\t\t\t\t\t<\/li>\n\t\t\t\t\t\t\t\t\t\t\t\t\t\t\t\t\t<li data-mute=\"yes\" data-loop=\"yes\" data-autoplay=\"yes\">\n\t\t\t\t\t\t\t\t\t\t<div class=\"slide-content-container slide-content-left\" style=\"display: none;\">\n\t\t\t\t\t\t\t\t\t\t\t<div class=\"slide-content\" style=\"\">\n\t\t\t\t\t\t\t\t\t\t\t\t\t\t\t\t\t\t\t\t\t\t\t\t\t\t\t\t\t\t\t\t\t\t\t\t\t\t\t\t\t\t\t\t\t\t\t<\/div>\n\t\t\t\t\t\t\t\t\t\t<\/div>\n\t\t\t\t\t\t\t\t\t\t\t\t\t\t\t\t\t\t\t\t\t\t\t\t\t\t\t\t\t\t\t\t\t\t\t\t\t\t\t\t<div class=\"background background-image\" style=\"background-image: url(https:\/\/fertilitycrete.eu\/wp-content\/uploads\/2021\/09\/Italian-Family-visits-Crete-Fertility-Centre-03-scaled.jpg);max-width:100%;height:600px;filter: progid:DXImageTransform.Microsoft.AlphaImageLoader(src='https:\/\/fertilitycrete.eu\/wp-content\/uploads\/2021\/09\/Italian-Family-visits-Crete-Fertility-Centre-03-scaled.jpg', sizingMethod='scale');\" data-imgwidth=\"2560\">\n\t\t\t\t\t\t\t\t\t\t\t\t\t\t\t\t\t\t\t\t\t\t\t\t\t\t\t\t\t\t\t\t\t\t\t\t\t\t\t\t\t\t\t\t\t\t\t\t\t\t\t\t\t\t\t\t\t\t\t\t\t\t\t\t\t\t<\/div>\n\t\t\t\t\t\t\t\t\t<\/li>\n\t\t\t\t\t\t\t\t\t\t\t\t\t\t\t\t\t<li data-mute=\"yes\" data-loop=\"yes\" data-autoplay=\"yes\">\n\t\t\t\t\t\t\t\t\t\t<div class=\"slide-content-container slide-content-left\" style=\"display: none;\">\n\t\t\t\t\t\t\t\t\t\t\t<div class=\"slide-content\" style=\"\">\n\t\t\t\t\t\t\t\t\t\t\t\t\t\t\t\t\t\t\t\t\t\t\t\t\t\t\t\t\t\t\t\t\t\t\t\t\t\t\t\t\t\t\t\t\t\t\t<\/div>\n\t\t\t\t\t\t\t\t\t\t<\/div>\n\t\t\t\t\t\t\t\t\t\t\t\t\t\t\t\t\t\t\t\t\t\t\t\t\t\t\t\t\t\t\t\t\t\t\t\t\t\t\t\t<div class=\"background background-image\" style=\"background-image: url(https:\/\/fertilitycrete.eu\/wp-content\/uploads\/2021\/09\/Italian-Family-visits-Crete-Fertility-Centre-02-scaled.jpg);max-width:100%;height:600px;filter: progid:DXImageTransform.Microsoft.AlphaImageLoader(src='https:\/\/fertilitycrete.eu\/wp-content\/uploads\/2021\/09\/Italian-Family-visits-Crete-Fertility-Centre-02-scaled.jpg', sizingMethod='scale');\" data-imgwidth=\"2560\">\n\t\t\t\t\t\t\t\t\t\t\t\t\t\t\t\t\t\t\t\t\t\t\t\t\t\t\t\t\t\t\t\t\t\t\t\t\t\t\t\t\t\t\t\t\t\t\t\t\t\t\t\t\t\t\t\t\t\t\t\t\t\t\t\t\t\t<\/div>\n\t\t\t\t\t\t\t\t\t<\/li>\n\t\t\t\t\t\t\t\t\t\t\t\t\t\t\t\t\t<li data-mute=\"yes\" data-loop=\"yes\" data-autoplay=\"yes\">\n\t\t\t\t\t\t\t\t\t\t<div class=\"slide-content-container slide-content-left\" style=\"display: none;\">\n\t\t\t\t\t\t\t\t\t\t\t<div class=\"slide-content\" style=\"\">\n\t\t\t\t\t\t\t\t\t\t\t\t\t\t\t\t\t\t\t\t\t\t\t\t\t\t\t\t\t\t\t\t\t\t\t\t\t\t\t\t\t\t\t\t\t\t\t<\/div>\n\t\t\t\t\t\t\t\t\t\t<\/div>\n\t\t\t\t\t\t\t\t\t\t\t\t\t\t\t\t\t\t\t\t\t\t\t\t\t\t\t\t\t\t\t\t\t\t\t\t\t\t\t\t<div class=\"background background-image\" style=\"background-image: url(https:\/\/fertilitycrete.eu\/wp-content\/uploads\/2021\/09\/Italian-Family-visits-Crete-Fertility-Centre-01-scaled.jpg);max-width:100%;height:600px;filter: progid:DXImageTransform.Microsoft.AlphaImageLoader(src='https:\/\/fertilitycrete.eu\/wp-content\/uploads\/2021\/09\/Italian-Family-visits-Crete-Fertility-Centre-01-scaled.jpg', sizingMethod='scale');\" data-imgwidth=\"2560\">\n\t\t\t\t\t\t\t\t\t\t\t\t\t\t\t\t\t\t\t\t\t\t\t\t\t\t\t\t\t\t\t\t\t\t\t\t\t\t\t\t\t\t\t\t\t\t\t\t\t\t\t\t\t\t\t\t\t\t\t\t\t\t\t\t\t\t<\/div>\n\t\t\t\t\t\t\t\t\t<\/li>\n\t\t\t\t\t\t\t\t\t\t\t\t\t\t\t\t\t<li data-mute=\"yes\" data-loop=\"yes\" data-autoplay=\"yes\">\n\t\t\t\t\t\t\t\t\t\t<div class=\"slide-content-container slide-content-left\" style=\"display: none;\">\n\t\t\t\t\t\t\t\t\t\t\t<div class=\"slide-content\" style=\"\">\n\t\t\t\t\t\t\t\t\t\t\t\t\t\t\t\t\t\t\t\t\t\t\t\t\t\t\t\t\t\t\t\t\t\t\t\t\t\t\t\t\t\t\t\t\t\t\t<\/div>\n\t\t\t\t\t\t\t\t\t\t<\/div>\n\t\t\t\t\t\t\t\t\t\t\t\t\t\t\t\t\t\t\t\t\t\t\t\t\t\t\t\t\t\t\t\t\t\t\t\t\t\t\t\t<div class=\"background background-image\" style=\"background-image: url(https:\/\/fertilitycrete.eu\/wp-content\/uploads\/2021\/10\/italian-couple-visits-crete-fertility-centre.jpg);max-width:100%;height:600px;filter: progid:DXImageTransform.Microsoft.AlphaImageLoader(src='https:\/\/fertilitycrete.eu\/wp-content\/uploads\/2021\/10\/italian-couple-visits-crete-fertility-centre.jpg', sizingMethod='scale');\" data-imgwidth=\"720\">\n\t\t\t\t\t\t\t\t\t\t\t\t\t\t\t\t\t\t\t\t\t\t\t\t\t\t\t\t\t\t\t\t\t\t\t\t\t\t\t\t\t\t\t\t\t\t\t\t\t\t\t\t\t\t\t\t\t\t\t\t\t\t\t\t\t\t<\/div>\n\t\t\t\t\t\t\t\t\t<\/li>\n\t\t\t\t\t\t\t\t\t\t\t\t\t\t\t\t\t<li data-mute=\"yes\" data-loop=\"yes\" data-autoplay=\"yes\">\n\t\t\t\t\t\t\t\t\t\t<div class=\"slide-content-container slide-content-left\" style=\"display: none;\">\n\t\t\t\t\t\t\t\t\t\t\t<div class=\"slide-content\" style=\"\">\n\t\t\t\t\t\t\t\t\t\t\t\t\t\t\t\t\t\t\t\t\t\t\t\t\t\t\t\t\t\t\t\t\t\t\t\t\t\t\t\t\t\t\t\t\t\t\t<\/div>\n\t\t\t\t\t\t\t\t\t\t<\/div>\n\t\t\t\t\t\t\t\t\t\t\t\t\t\t\t\t\t\t\t\t\t\t\t\t\t\t\t\t\t\t\t\t\t\t\t\t\t\t\t\t<div class=\"background background-image\" style=\"background-image: url(https:\/\/fertilitycrete.eu\/wp-content\/uploads\/2021\/10\/french-family-visits-dr-fraidakis-Crete-Fertility-Centre.jpg);max-width:100%;height:600px;filter: progid:DXImageTransform.Microsoft.AlphaImageLoader(src='https:\/\/fertilitycrete.eu\/wp-content\/uploads\/2021\/10\/french-family-visits-dr-fraidakis-Crete-Fertility-Centre.jpg', sizingMethod='scale');\" data-imgwidth=\"600\">\n\t\t\t\t\t\t\t\t\t\t\t\t\t\t\t\t\t\t\t\t\t\t\t\t\t\t\t\t\t\t\t\t\t\t\t\t\t\t\t\t\t\t\t\t\t\t\t\t\t\t\t\t\t\t\t\t\t\t\t\t\t\t\t\t\t\t<\/div>\n\t\t\t\t\t\t\t\t\t<\/li>\n\t\t\t\t\t\t\t\t\t\t\t\t\t\t\t\t\t<li data-mute=\"yes\" data-loop=\"yes\" data-autoplay=\"yes\">\n\t\t\t\t\t\t\t\t\t\t<div class=\"slide-content-container slide-content-left\" style=\"display: none;\">\n\t\t\t\t\t\t\t\t\t\t\t<div class=\"slide-content\" style=\"\">\n\t\t\t\t\t\t\t\t\t\t\t\t\t\t\t\t\t\t\t\t\t\t\t\t\t\t\t\t\t\t\t\t\t\t\t\t\t\t\t\t\t\t\t\t\t\t\t<\/div>\n\t\t\t\t\t\t\t\t\t\t<\/div>\n\t\t\t\t\t\t\t\t\t\t\t\t\t\t\t\t\t\t\t\t\t\t\t\t\t\t\t\t\t\t\t\t\t\t\t\t\t\t\t\t<div class=\"background background-image\" style=\"background-image: url(https:\/\/fertilitycrete.eu\/wp-content\/uploads\/2021\/10\/doc25-scaled.jpg);max-width:100%;height:600px;filter: progid:DXImageTransform.Microsoft.AlphaImageLoader(src='https:\/\/fertilitycrete.eu\/wp-content\/uploads\/2021\/10\/doc25-scaled.jpg', sizingMethod='scale');\" data-imgwidth=\"2560\">\n\t\t\t\t\t\t\t\t\t\t\t\t\t\t\t\t\t\t\t\t\t\t\t\t\t\t\t\t\t\t\t\t\t\t\t\t\t\t\t\t\t\t\t\t\t\t\t\t\t\t\t\t\t\t\t\t\t\t\t\t\t\t\t\t\t\t<\/div>\n\t\t\t\t\t\t\t\t\t<\/li>\n\t\t\t\t\t\t\t\t\t\t\t\t\t\t\t\t\t<li data-mute=\"yes\" data-loop=\"yes\" data-autoplay=\"yes\">\n\t\t\t\t\t\t\t\t\t\t<div class=\"slide-content-container slide-content-left\" style=\"display: none;\">\n\t\t\t\t\t\t\t\t\t\t\t<div class=\"slide-content\" style=\"\">\n\t\t\t\t\t\t\t\t\t\t\t\t\t\t\t\t\t\t\t\t\t\t\t\t\t\t\t\t\t\t\t\t\t\t\t\t\t\t\t\t\t\t\t\t\t\t\t<\/div>\n\t\t\t\t\t\t\t\t\t\t<\/div>\n\t\t\t\t\t\t\t\t\t\t\t\t\t\t\t\t\t\t\t\t\t\t\t\t\t\t\t\t\t\t\t\t\t\t\t\t\t\t\t\t<div class=\"background background-image\" style=\"background-image: url(https:\/\/fertilitycrete.eu\/wp-content\/uploads\/2021\/10\/doc24.jpg);max-width:100%;height:600px;filter: progid:DXImageTransform.Microsoft.AlphaImageLoader(src='https:\/\/fertilitycrete.eu\/wp-content\/uploads\/2021\/10\/doc24.jpg', sizingMethod='scale');\" data-imgwidth=\"2048\">\n\t\t\t\t\t\t\t\t\t\t\t\t\t\t\t\t\t\t\t\t\t\t\t\t\t\t\t\t\t\t\t\t\t\t\t\t\t\t\t\t\t\t\t\t\t\t\t\t\t\t\t\t\t\t\t\t\t\t\t\t\t\t\t\t\t\t<\/div>\n\t\t\t\t\t\t\t\t\t<\/li>\n\t\t\t\t\t\t\t\t\t\t\t\t\t\t\t\t\t<li data-mute=\"yes\" data-loop=\"yes\" data-autoplay=\"yes\">\n\t\t\t\t\t\t\t\t\t\t<div class=\"slide-content-container slide-content-left\" style=\"display: none;\">\n\t\t\t\t\t\t\t\t\t\t\t<div class=\"slide-content\" style=\"\">\n\t\t\t\t\t\t\t\t\t\t\t\t\t\t\t\t\t\t\t\t\t\t\t\t\t\t\t\t\t\t\t\t\t\t\t\t\t\t\t\t\t\t\t\t\t\t\t<\/div>\n\t\t\t\t\t\t\t\t\t\t<\/div>\n\t\t\t\t\t\t\t\t\t\t\t\t\t\t\t\t\t\t\t\t\t\t\t\t\t\t\t\t\t\t\t\t\t\t\t\t\t\t\t\t<div class=\"background background-image\" style=\"background-image: url(https:\/\/fertilitycrete.eu\/wp-content\/uploads\/2021\/10\/doc22-scaled.jpg);max-width:100%;height:600px;filter: progid:DXImageTransform.Microsoft.AlphaImageLoader(src='https:\/\/fertilitycrete.eu\/wp-content\/uploads\/2021\/10\/doc22-scaled.jpg', sizingMethod='scale');\" data-imgwidth=\"2560\">\n\t\t\t\t\t\t\t\t\t\t\t\t\t\t\t\t\t\t\t\t\t\t\t\t\t\t\t\t\t\t\t\t\t\t\t\t\t\t\t\t\t\t\t\t\t\t\t\t\t\t\t\t\t\t\t\t\t\t\t\t\t\t\t\t\t\t<\/div>\n\t\t\t\t\t\t\t\t\t<\/li>\n\t\t\t\t\t\t\t\t\t\t\t\t\t\t\t\t\t<li data-mute=\"yes\" data-loop=\"yes\" data-autoplay=\"yes\">\n\t\t\t\t\t\t\t\t\t\t<div class=\"slide-content-container slide-content-left\" style=\"display: none;\">\n\t\t\t\t\t\t\t\t\t\t\t<div class=\"slide-content\" style=\"\">\n\t\t\t\t\t\t\t\t\t\t\t\t\t\t\t\t\t\t\t\t\t\t\t\t\t\t\t\t\t\t\t\t\t\t\t\t\t\t\t\t\t\t\t\t\t\t\t<\/div>\n\t\t\t\t\t\t\t\t\t\t<\/div>\n\t\t\t\t\t\t\t\t\t\t\t\t\t\t\t\t\t\t\t\t\t\t\t\t\t\t\t\t\t\t\t\t\t\t\t\t\t\t\t\t<div class=\"background background-image\" style=\"background-image: url(https:\/\/fertilitycrete.eu\/wp-content\/uploads\/2021\/10\/doc21-scaled.jpg);max-width:100%;height:600px;filter: progid:DXImageTransform.Microsoft.AlphaImageLoader(src='https:\/\/fertilitycrete.eu\/wp-content\/uploads\/2021\/10\/doc21-scaled.jpg', sizingMethod='scale');\" data-imgwidth=\"2560\">\n\t\t\t\t\t\t\t\t\t\t\t\t\t\t\t\t\t\t\t\t\t\t\t\t\t\t\t\t\t\t\t\t\t\t\t\t\t\t\t\t\t\t\t\t\t\t\t\t\t\t\t\t\t\t\t\t\t\t\t\t\t\t\t\t\t\t<\/div>\n\t\t\t\t\t\t\t\t\t<\/li>\n\t\t\t\t\t\t\t\t\t\t\t\t\t\t\t\t\t<li data-mute=\"yes\" data-loop=\"yes\" data-autoplay=\"yes\">\n\t\t\t\t\t\t\t\t\t\t<div class=\"slide-content-container slide-content-left\" style=\"display: none;\">\n\t\t\t\t\t\t\t\t\t\t\t<div class=\"slide-content\" style=\"\">\n\t\t\t\t\t\t\t\t\t\t\t\t\t\t\t\t\t\t\t\t\t\t\t\t\t\t\t\t\t\t\t\t\t\t\t\t\t\t\t\t\t\t\t\t\t\t\t<\/div>\n\t\t\t\t\t\t\t\t\t\t<\/div>\n\t\t\t\t\t\t\t\t\t\t\t\t\t\t\t\t\t\t\t\t\t\t\t\t\t\t\t\t\t\t\t\t\t\t\t\t\t\t\t\t<div class=\"background background-image\" style=\"background-image: url(https:\/\/fertilitycrete.eu\/wp-content\/uploads\/2021\/10\/doc20-scaled.jpg);max-width:100%;height:600px;filter: progid:DXImageTransform.Microsoft.AlphaImageLoader(src='https:\/\/fertilitycrete.eu\/wp-content\/uploads\/2021\/10\/doc20-scaled.jpg', sizingMethod='scale');\" data-imgwidth=\"2560\">\n\t\t\t\t\t\t\t\t\t\t\t\t\t\t\t\t\t\t\t\t\t\t\t\t\t\t\t\t\t\t\t\t\t\t\t\t\t\t\t\t\t\t\t\t\t\t\t\t\t\t\t\t\t\t\t\t\t\t\t\t\t\t\t\t\t\t<\/div>\n\t\t\t\t\t\t\t\t\t<\/li>\n\t\t\t\t\t\t\t\t\t\t\t\t\t\t\t\t\t<li data-mute=\"yes\" data-loop=\"yes\" data-autoplay=\"yes\">\n\t\t\t\t\t\t\t\t\t\t<div class=\"slide-content-container slide-content-left\" style=\"display: none;\">\n\t\t\t\t\t\t\t\t\t\t\t<div class=\"slide-content\" style=\"\">\n\t\t\t\t\t\t\t\t\t\t\t\t\t\t\t\t\t\t\t\t\t\t\t\t\t\t\t\t\t\t\t\t\t\t\t\t\t\t\t\t\t\t\t\t\t\t\t<\/div>\n\t\t\t\t\t\t\t\t\t\t<\/div>\n\t\t\t\t\t\t\t\t\t\t\t\t\t\t\t\t\t\t\t\t\t\t\t\t\t\t\t\t\t\t\t\t\t\t\t\t\t\t\t\t<div class=\"background background-image\" style=\"background-image: url(https:\/\/fertilitycrete.eu\/wp-content\/uploads\/2021\/10\/doc02.jpg);max-width:100%;height:600px;filter: progid:DXImageTransform.Microsoft.AlphaImageLoader(src='https:\/\/fertilitycrete.eu\/wp-content\/uploads\/2021\/10\/doc02.jpg', sizingMethod='scale');\" data-imgwidth=\"1789\">\n\t\t\t\t\t\t\t\t\t\t\t\t\t\t\t\t\t\t\t\t\t\t\t\t\t\t\t\t\t\t\t\t\t\t\t\t\t\t\t\t\t\t\t\t\t\t\t\t\t\t\t\t\t\t\t\t\t\t\t\t\t\t\t\t\t\t<\/div>\n\t\t\t\t\t\t\t\t\t<\/li>\n\t\t\t\t\t\t\t\t\t\t\t\t\t\t\t\t\t<li data-mute=\"yes\" data-loop=\"yes\" data-autoplay=\"yes\">\n\t\t\t\t\t\t\t\t\t\t<div class=\"slide-content-container slide-content-left\" style=\"display: none;\">\n\t\t\t\t\t\t\t\t\t\t\t<div class=\"slide-content\" style=\"\">\n\t\t\t\t\t\t\t\t\t\t\t\t\t\t\t\t\t\t\t\t\t\t\t\t\t\t\t\t\t\t\t\t\t\t\t\t\t\t\t\t\t\t\t\t\t\t\t<\/div>\n\t\t\t\t\t\t\t\t\t\t<\/div>\n\t\t\t\t\t\t\t\t\t\t\t\t\t\t\t\t\t\t\t\t\t\t\t\t\t\t\t\t\t\t\t\t\t\t\t\t\t\t\t\t<div class=\"background background-image\" style=\"background-image: url(https:\/\/fertilitycrete.eu\/wp-content\/uploads\/2021\/10\/doc01-1.jpg);max-width:100%;height:600px;filter: progid:DXImageTransform.Microsoft.AlphaImageLoader(src='https:\/\/fertilitycrete.eu\/wp-content\/uploads\/2021\/10\/doc01-1.jpg', sizingMethod='scale');\" data-imgwidth=\"533\">\n\t\t\t\t\t\t\t\t\t\t\t\t\t\t\t\t\t\t\t\t\t\t\t\t\t\t\t\t\t\t\t\t\t\t\t\t\t\t\t\t\t\t\t\t\t\t\t\t\t\t\t\t\t\t\t\t\t\t\t\t\t\t\t\t\t\t<\/div>\n\t\t\t\t\t\t\t\t\t<\/li>\n\t\t\t\t\t\t\t\t\t\t\t\t\t\t\t\t\t\t\t\t\t\t\t<\/ul>\n\t\t\t\t\t\t<\/div>\n\t\t\t\t\t<\/div>\n\t\t\t\t\t\t\t\t<div class=\"fusion-title title fusion-title-1 fusion-title-text fusion-title-size-two\" id=\"postpagetitle\"><div class=\"title-sep-container title-sep-container-left fusion-no-large-visibility fusion-no-medium-visibility fusion-no-small-visibility\"><div class=\"title-sep sep- sep-solid\" style=\"border-color:#e2e2e2;\"><\/div><\/div><span class=\"awb-title-spacer fusion-no-large-visibility fusion-no-medium-visibility fusion-no-small-visibility\"><\/span><h2 class=\"fusion-title-heading title-heading-left fusion-responsive-typography-calculated\" style=\"margin:0;--fontSize:48;line-height:1.2;\">Doc01<\/h2><span class=\"awb-title-spacer\"><\/span><div class=\"title-sep-container title-sep-container-right\"><div class=\"title-sep sep- sep-solid\" style=\"border-color:#e2e2e2;\"><\/div><\/div><\/div><div class=\"fusion-text fusion-text-1\" style=\"--awb-content-alignment:justify;\"><\/div><\/div><\/div><\/div><\/div><div class=\"fusion-fullwidth fullwidth-box fusion-builder-row-2 fusion-flex-container nonhundred-percent-fullwidth non-hundred-percent-height-scrolling\" style=\"--awb-border-radius-top-left:0px;--awb-border-radius-top-right:0px;--awb-border-radius-bottom-right:0px;--awb-border-radius-bottom-left:0px;--awb-flex-wrap:wrap;\" ><div class=\"fusion-builder-row fusion-row fusion-flex-align-items-flex-start fusion-flex-content-wrap\" style=\"max-width:1216.8px;margin-left: calc(-4% \/ 2 );margin-right: calc(-4% \/ 2 );\"><div class=\"fusion-layout-column fusion_builder_column fusion-builder-column-1 fusion_builder_column_1_1 1_1 fusion-flex-column\" style=\"--awb-bg-size:cover;--awb-width-large:100%;--awb-margin-top-large:0px;--awb-spacing-right-large:1.92%;--awb-margin-bottom-large:5px;--awb-spacing-left-large:1.92%;--awb-width-medium:100%;--awb-order-medium:0;--awb-spacing-right-medium:1.92%;--awb-spacing-left-medium:1.92%;--awb-width-small:100%;--awb-order-small:0;--awb-spacing-right-small:1.92%;--awb-spacing-left-small:1.92%;\"><div class=\"fusion-column-wrapper fusion-column-has-shadow fusion-flex-justify-content-flex-start fusion-content-layout-column\"><div class=\"fusion-text fusion-text-2\"><p>Das Kreta Fruchtbarkeitszentrum ist eines der wenigen Zentren in Griechenland, die die neue Methode pf Array-CGH (Genetisches Screening vor der Implantation und Genetische Diagnostik vor der Implantation) mit hervorragenden Ergebnissen durchf\u00fchren.<\/p>\n<p>Array-CGH ist als einzige Methode in der Lage, unausgewogene Chromosomenanomalien zu erkennen. Das liegt daran, dass ausgewogene Chromosomenanomalien wie reziprokeTranslokationen, Inversionen oder Ringchromosomen nicht die Kopienzahl beeinflussen, welches von CGH-Technologien erkannt wird. CGH ermoeglicht wie auch immer die Erforschung aller 46 menschlichen Chromosomen in einzelnen Tests und die Entdeckung von L\u00f6schungen und Vervielf\u00e4ltigungen, selbst auf der mikroskopischen Skala, was zur Identifizierung von Kandidatengenen f\u00fchren kann, um sie weiter durch andere zytologische Techniken zu erforschen.<\/p>\n<p>Array CGH kann in F\u00e4llen fortgeschrittenen Alters der Mutter, mehrerer Fehlgeburten und gescheitertem Embryotransfer helfen.<\/p>\n<p>Die Menschen haben in der Regel 46 Chromosomen, die als 23 Paare auftreten, eines von jedem Paar von unserer Mutter und eines von unserem Vater. Probleme entstehen, wenn einem Embryo ein Chromosom fehlt oder es nimmt ein Extra-Chromosom auf. Das nennt man eine Chromosomenanomalie .<\/p>\n<p>Chromosomenanomalien k\u00f6nnen dazu f\u00fchren, dass Ihr Embryo sich nicht einnisten kann, oder es kommt zur Fehlgeburt, oder aber sie k\u00f6nnten bei einem bereits geborenen Baby zu Entwicklungsproblemen oder einer schweren genetisch bedingten Erkrankung fuehren.<\/p>\n<p>Dieser Test pr\u00fcft alle Chromosomen, um zu sehen und abzuchecken, ob diese bei einem Embryo ausgewogen sind. Er sucht nach:<\/p>\n<ul>\n<li>Aneuploidie (Chromosomenanomalie): Eine h\u00e4ufige Ursache f\u00fcr erfolglose IVF-Versuche, Fehlgeburten und abnormale Lebendgeburten;<\/li>\n<li>Translokationen: Suche nach unnausgeglichenen Teilen \/ Chromosomensaetzen;<\/li>\n<li>Medizinische Geschlechtsauswahl: Sie sagt uns, ob der Embryo m\u00e4nnlich oder weiblich ist, was die Verringerung eines genetischen Krankheitsrisikos in solchen F\u00e4llen erlaubt.<\/li>\n<\/ul>\n<p>Die Wissenschaftler des Kreta Fruchtbarkeits Zentrums haben Hunderten von Familien geholfen, ihren Traum, gesunde Babies mit nach Hause zu nehmen, zu verwirklichen.<\/p>\n<\/div><\/div><\/div><\/div><\/div><\/p>\n","protected":false},"excerpt":{"rendered":"","protected":false},"author":1,"featured_media":0,"parent":9855,"menu_order":0,"comment_status":"closed","ping_status":"closed","template":"","meta":{"footnotes":""},"class_list":["post-9886","page","type-page","status-publish","hentry"],"_links":{"self":[{"href":"https:\/\/fertilitycrete.eu\/de\/wp-json\/wp\/v2\/pages\/9886","targetHints":{"allow":["GET"]}}],"collection":[{"href":"https:\/\/fertilitycrete.eu\/de\/wp-json\/wp\/v2\/pages"}],"about":[{"href":"https:\/\/fertilitycrete.eu\/de\/wp-json\/wp\/v2\/types\/page"}],"author":[{"embeddable":true,"href":"https:\/\/fertilitycrete.eu\/de\/wp-json\/wp\/v2\/users\/1"}],"replies":[{"embeddable":true,"href":"https:\/\/fertilitycrete.eu\/de\/wp-json\/wp\/v2\/comments?post=9886"}],"version-history":[{"count":4,"href":"https:\/\/fertilitycrete.eu\/de\/wp-json\/wp\/v2\/pages\/9886\/revisions"}],"predecessor-version":[{"id":9890,"href":"https:\/\/fertilitycrete.eu\/de\/wp-json\/wp\/v2\/pages\/9886\/revisions\/9890"}],"up":[{"embeddable":true,"href":"https:\/\/fertilitycrete.eu\/de\/wp-json\/wp\/v2\/pages\/9855"}],"wp:attachment":[{"href":"https:\/\/fertilitycrete.eu\/de\/wp-json\/wp\/v2\/media?parent=9886"}],"curies":[{"name":"wp","href":"https:\/\/api.w.org\/{rel}","templated":true}]}}