{"id":9804,"date":"2021-09-07T09:13:56","date_gmt":"2021-09-07T09:13:56","guid":{"rendered":"http:\/\/opendemo.gr\/fertility\/?page_id=9804"},"modified":"2022-10-30T15:49:25","modified_gmt":"2022-10-30T15:49:25","slug":"fattori-di-infertilita-femminile","status":"publish","type":"page","link":"https:\/\/fertilitycrete.eu\/it\/cause-diinfertilita-2\/fattori-di-infertilita-femminile\/","title":{"rendered":"Fattori D\u00ec Infertilit\u00e0 Femminile"},"content":{"rendered":"<p><div class=\"fusion-fullwidth fullwidth-box fusion-builder-row-1 fusion-flex-container nonhundred-percent-fullwidth non-hundred-percent-height-scrolling\" style=\"--awb-border-radius-top-left:0px;--awb-border-radius-top-right:0px;--awb-border-radius-bottom-right:0px;--awb-border-radius-bottom-left:0px;--awb-flex-wrap:wrap;\" ><div class=\"fusion-builder-row fusion-row fusion-flex-align-items-flex-start fusion-flex-content-wrap\" style=\"max-width:calc( 1170px + 0px );margin-left: calc(-0px \/ 2 );margin-right: calc(-0px \/ 2 );\"><div class=\"fusion-layout-column fusion_builder_column fusion-builder-column-0 fusion_builder_column_1_1 1_1 fusion-flex-column\" style=\"--awb-bg-size:cover;--awb-width-large:100%;--awb-margin-top-large:0px;--awb-spacing-right-large:0px;--awb-margin-bottom-large:5px;--awb-spacing-left-large:0px;--awb-width-medium:100%;--awb-order-medium:0;--awb-spacing-right-medium:0px;--awb-spacing-left-medium:0px;--awb-width-small:100%;--awb-order-small:0;--awb-spacing-right-small:0px;--awb-spacing-left-small:0px;\"><div class=\"fusion-column-wrapper fusion-column-has-shadow fusion-flex-justify-content-flex-start fusion-content-layout-column\">\t\t\t\t\t<div class=\"fusion-slider-container fusion-slider-sc-facilitiesslider fusion-slider-95 full-width-slider\" style=\"height:400px; max-width:100%;\" data-id=\"95\" data-full_height=\"\">\n\t\t\t\t\t\t<style type=\"text\/css\">.fusion-slider-95 .flex-direction-nav a {width:63px;height:63px;line-height:63px;font-size:25px;}<\/style>\t\t\t\t\t\t<div class=\"fusion-slider-loading\">Loading...<\/div>\n\t\t\t\t\t\t<div class=\"tfs-slider flexslider main-flex full-width-slider\" data-slider_width=\"100%\" data-slider_height=\"400px\" data-full_screen=\"0\" data-parallax=\"0\" data-nav_arrows=\"1\" data-nav_arrow_size=\"25px\" data-nav_box_width=\"63px\" data-nav_box_height=\"63px\" data-slideshow_speed=\"3000\" data-loop=\"0\" data-autoplay=\"1\" data-orderby=\"date\" data-order=\"DESC\" data-animation=\"fade\" data-animation_speed=\"600\" data-typo_sensitivity=\"1\" data-typo_factor=\"1.5\" style=\"max-width:100%;\">\n\t\t\t\t\t\t\t<ul class=\"slides\">\n\t\t\t\t\t\t\t\t\t\t\t\t\t\t\t\t\t<li data-mute=\"yes\" data-loop=\"yes\" data-autoplay=\"yes\">\n\t\t\t\t\t\t\t\t\t\t<div class=\"slide-content-container slide-content-left\" style=\"display: none;\">\n\t\t\t\t\t\t\t\t\t\t\t<div class=\"slide-content\" style=\"\">\n\t\t\t\t\t\t\t\t\t\t\t\t\t\t\t\t\t\t\t\t\t\t\t\t\t\t\t\t\t\t\t\t\t\t\t\t\t\t\t\t\t\t\t\t\t\t\t<\/div>\n\t\t\t\t\t\t\t\t\t\t<\/div>\n\t\t\t\t\t\t\t\t\t\t\t\t\t\t\t\t\t\t\t\t\t\t\t\t\t\t\t\t\t\t\t\t\t\t\t\t\t\t\t\t<div class=\"background background-image\" style=\"background-image: url(https:\/\/fertilitycrete.eu\/wp-content\/uploads\/2017\/12\/new-facilities-photo-10-scaled.jpg);max-width:100%;height:400px;filter: progid:DXImageTransform.Microsoft.AlphaImageLoader(src='https:\/\/fertilitycrete.eu\/wp-content\/uploads\/2017\/12\/new-facilities-photo-10-scaled.jpg', sizingMethod='scale');\" data-imgwidth=\"2560\">\n\t\t\t\t\t\t\t\t\t\t\t\t\t\t\t\t\t\t\t\t\t\t\t\t\t\t\t\t\t\t\t\t\t\t\t\t\t\t\t\t\t\t\t\t\t\t\t\t\t\t\t\t\t\t\t\t\t\t\t\t\t\t\t\t\t\t<\/div>\n\t\t\t\t\t\t\t\t\t<\/li>\n\t\t\t\t\t\t\t\t\t\t\t\t\t\t\t\t\t<li data-mute=\"yes\" data-loop=\"yes\" data-autoplay=\"yes\">\n\t\t\t\t\t\t\t\t\t\t<div class=\"slide-content-container slide-content-left\" style=\"display: none;\">\n\t\t\t\t\t\t\t\t\t\t\t<div class=\"slide-content\" style=\"\">\n\t\t\t\t\t\t\t\t\t\t\t\t\t\t\t\t\t\t\t\t\t\t\t\t\t\t\t\t\t\t\t\t\t\t\t\t\t\t\t\t\t\t\t\t\t\t\t<\/div>\n\t\t\t\t\t\t\t\t\t\t<\/div>\n\t\t\t\t\t\t\t\t\t\t\t\t\t\t\t\t\t\t\t\t\t\t\t\t\t\t\t\t\t\t\t\t\t\t\t\t\t\t\t\t<div class=\"background background-image\" style=\"background-image: url(https:\/\/fertilitycrete.eu\/wp-content\/uploads\/2017\/12\/new-facilities-photo-9-scaled.jpg);max-width:100%;height:400px;filter: progid:DXImageTransform.Microsoft.AlphaImageLoader(src='https:\/\/fertilitycrete.eu\/wp-content\/uploads\/2017\/12\/new-facilities-photo-9-scaled.jpg', sizingMethod='scale');\" data-imgwidth=\"2560\">\n\t\t\t\t\t\t\t\t\t\t\t\t\t\t\t\t\t\t\t\t\t\t\t\t\t\t\t\t\t\t\t\t\t\t\t\t\t\t\t\t\t\t\t\t\t\t\t\t\t\t\t\t\t\t\t\t\t\t\t\t\t\t\t\t\t\t<\/div>\n\t\t\t\t\t\t\t\t\t<\/li>\n\t\t\t\t\t\t\t\t\t\t\t\t\t\t\t\t\t<li data-mute=\"yes\" data-loop=\"yes\" data-autoplay=\"yes\">\n\t\t\t\t\t\t\t\t\t\t<div class=\"slide-content-container slide-content-left\" style=\"display: none;\">\n\t\t\t\t\t\t\t\t\t\t\t<div class=\"slide-content\" style=\"\">\n\t\t\t\t\t\t\t\t\t\t\t\t\t\t\t\t\t\t\t\t\t\t\t\t\t\t\t\t\t\t\t\t\t\t\t\t\t\t\t\t\t\t\t\t\t\t\t<\/div>\n\t\t\t\t\t\t\t\t\t\t<\/div>\n\t\t\t\t\t\t\t\t\t\t\t\t\t\t\t\t\t\t\t\t\t\t\t\t\t\t\t\t\t\t\t\t\t\t\t\t\t\t\t\t<div class=\"background background-image\" style=\"background-image: url(https:\/\/fertilitycrete.eu\/wp-content\/uploads\/2017\/12\/new-facilities-photo-8-scaled.jpg);max-width:100%;height:400px;filter: progid:DXImageTransform.Microsoft.AlphaImageLoader(src='https:\/\/fertilitycrete.eu\/wp-content\/uploads\/2017\/12\/new-facilities-photo-8-scaled.jpg', sizingMethod='scale');\" data-imgwidth=\"2560\">\n\t\t\t\t\t\t\t\t\t\t\t\t\t\t\t\t\t\t\t\t\t\t\t\t\t\t\t\t\t\t\t\t\t\t\t\t\t\t\t\t\t\t\t\t\t\t\t\t\t\t\t\t\t\t\t\t\t\t\t\t\t\t\t\t\t\t<\/div>\n\t\t\t\t\t\t\t\t\t<\/li>\n\t\t\t\t\t\t\t\t\t\t\t\t\t\t\t\t\t<li data-mute=\"yes\" data-loop=\"yes\" data-autoplay=\"yes\">\n\t\t\t\t\t\t\t\t\t\t<div class=\"slide-content-container slide-content-left\" style=\"display: none;\">\n\t\t\t\t\t\t\t\t\t\t\t<div class=\"slide-content\" style=\"\">\n\t\t\t\t\t\t\t\t\t\t\t\t\t\t\t\t\t\t\t\t\t\t\t\t\t\t\t\t\t\t\t\t\t\t\t\t\t\t\t\t\t\t\t\t\t\t\t<\/div>\n\t\t\t\t\t\t\t\t\t\t<\/div>\n\t\t\t\t\t\t\t\t\t\t\t\t\t\t\t\t\t\t\t\t\t\t\t\t\t\t\t\t\t\t\t\t\t\t\t\t\t\t\t\t<div class=\"background background-image\" style=\"background-image: url(https:\/\/fertilitycrete.eu\/wp-content\/uploads\/2017\/12\/new-facilities-photo-7-scaled.jpg);max-width:100%;height:400px;filter: progid:DXImageTransform.Microsoft.AlphaImageLoader(src='https:\/\/fertilitycrete.eu\/wp-content\/uploads\/2017\/12\/new-facilities-photo-7-scaled.jpg', sizingMethod='scale');\" data-imgwidth=\"2560\">\n\t\t\t\t\t\t\t\t\t\t\t\t\t\t\t\t\t\t\t\t\t\t\t\t\t\t\t\t\t\t\t\t\t\t\t\t\t\t\t\t\t\t\t\t\t\t\t\t\t\t\t\t\t\t\t\t\t\t\t\t\t\t\t\t\t\t<\/div>\n\t\t\t\t\t\t\t\t\t<\/li>\n\t\t\t\t\t\t\t\t\t\t\t\t\t\t\t\t\t<li data-mute=\"yes\" data-loop=\"yes\" data-autoplay=\"yes\">\n\t\t\t\t\t\t\t\t\t\t<div class=\"slide-content-container slide-content-left\" style=\"display: none;\">\n\t\t\t\t\t\t\t\t\t\t\t<div class=\"slide-content\" style=\"\">\n\t\t\t\t\t\t\t\t\t\t\t\t\t\t\t\t\t\t\t\t\t\t\t\t\t\t\t\t\t\t\t\t\t\t\t\t\t\t\t\t\t\t\t\t\t\t\t<\/div>\n\t\t\t\t\t\t\t\t\t\t<\/div>\n\t\t\t\t\t\t\t\t\t\t\t\t\t\t\t\t\t\t\t\t\t\t\t\t\t\t\t\t\t\t\t\t\t\t\t\t\t\t\t\t<div class=\"background background-image\" style=\"background-image: url(https:\/\/fertilitycrete.eu\/wp-content\/uploads\/2017\/12\/new-facilities-photo-6-scaled.jpg);max-width:100%;height:400px;filter: progid:DXImageTransform.Microsoft.AlphaImageLoader(src='https:\/\/fertilitycrete.eu\/wp-content\/uploads\/2017\/12\/new-facilities-photo-6-scaled.jpg', sizingMethod='scale');\" data-imgwidth=\"2560\">\n\t\t\t\t\t\t\t\t\t\t\t\t\t\t\t\t\t\t\t\t\t\t\t\t\t\t\t\t\t\t\t\t\t\t\t\t\t\t\t\t\t\t\t\t\t\t\t\t\t\t\t\t\t\t\t\t\t\t\t\t\t\t\t\t\t\t<\/div>\n\t\t\t\t\t\t\t\t\t<\/li>\n\t\t\t\t\t\t\t\t\t\t\t\t\t\t\t\t\t<li data-mute=\"yes\" data-loop=\"yes\" data-autoplay=\"yes\">\n\t\t\t\t\t\t\t\t\t\t<div class=\"slide-content-container slide-content-left\" style=\"display: none;\">\n\t\t\t\t\t\t\t\t\t\t\t<div class=\"slide-content\" style=\"\">\n\t\t\t\t\t\t\t\t\t\t\t\t\t\t\t\t\t\t\t\t\t\t\t\t\t\t\t\t\t\t\t\t\t\t\t\t\t\t\t\t\t\t\t\t\t\t\t<\/div>\n\t\t\t\t\t\t\t\t\t\t<\/div>\n\t\t\t\t\t\t\t\t\t\t\t\t\t\t\t\t\t\t\t\t\t\t\t\t\t\t\t\t\t\t\t\t\t\t\t\t\t\t\t\t<div class=\"background background-image\" style=\"background-image: url(https:\/\/fertilitycrete.eu\/wp-content\/uploads\/2017\/12\/new-facilities-photo-5-scaled.jpg);max-width:100%;height:400px;filter: progid:DXImageTransform.Microsoft.AlphaImageLoader(src='https:\/\/fertilitycrete.eu\/wp-content\/uploads\/2017\/12\/new-facilities-photo-5-scaled.jpg', sizingMethod='scale');\" data-imgwidth=\"2560\">\n\t\t\t\t\t\t\t\t\t\t\t\t\t\t\t\t\t\t\t\t\t\t\t\t\t\t\t\t\t\t\t\t\t\t\t\t\t\t\t\t\t\t\t\t\t\t\t\t\t\t\t\t\t\t\t\t\t\t\t\t\t\t\t\t\t\t<\/div>\n\t\t\t\t\t\t\t\t\t<\/li>\n\t\t\t\t\t\t\t\t\t\t\t\t\t\t\t\t\t<li data-mute=\"yes\" data-loop=\"yes\" data-autoplay=\"yes\">\n\t\t\t\t\t\t\t\t\t\t<div class=\"slide-content-container slide-content-left\" style=\"display: none;\">\n\t\t\t\t\t\t\t\t\t\t\t<div class=\"slide-content\" style=\"\">\n\t\t\t\t\t\t\t\t\t\t\t\t\t\t\t\t\t\t\t\t\t\t\t\t\t\t\t\t\t\t\t\t\t\t\t\t\t\t\t\t\t\t\t\t\t\t\t<\/div>\n\t\t\t\t\t\t\t\t\t\t<\/div>\n\t\t\t\t\t\t\t\t\t\t\t\t\t\t\t\t\t\t\t\t\t\t\t\t\t\t\t\t\t\t\t\t\t\t\t\t\t\t\t\t<div class=\"background background-image\" style=\"background-image: url(https:\/\/fertilitycrete.eu\/wp-content\/uploads\/2017\/12\/new-facilities-photo-4-scaled.jpg);max-width:100%;height:400px;filter: progid:DXImageTransform.Microsoft.AlphaImageLoader(src='https:\/\/fertilitycrete.eu\/wp-content\/uploads\/2017\/12\/new-facilities-photo-4-scaled.jpg', sizingMethod='scale');\" data-imgwidth=\"2560\">\n\t\t\t\t\t\t\t\t\t\t\t\t\t\t\t\t\t\t\t\t\t\t\t\t\t\t\t\t\t\t\t\t\t\t\t\t\t\t\t\t\t\t\t\t\t\t\t\t\t\t\t\t\t\t\t\t\t\t\t\t\t\t\t\t\t\t<\/div>\n\t\t\t\t\t\t\t\t\t<\/li>\n\t\t\t\t\t\t\t\t\t\t\t\t\t\t\t\t\t<li data-mute=\"yes\" data-loop=\"yes\" data-autoplay=\"yes\">\n\t\t\t\t\t\t\t\t\t\t<div class=\"slide-content-container slide-content-left\" style=\"display: none;\">\n\t\t\t\t\t\t\t\t\t\t\t<div class=\"slide-content\" style=\"\">\n\t\t\t\t\t\t\t\t\t\t\t\t\t\t\t\t\t\t\t\t\t\t\t\t\t\t\t\t\t\t\t\t\t\t\t\t\t\t\t\t\t\t\t\t\t\t\t<\/div>\n\t\t\t\t\t\t\t\t\t\t<\/div>\n\t\t\t\t\t\t\t\t\t\t\t\t\t\t\t\t\t\t\t\t\t\t\t\t\t\t\t\t\t\t\t\t\t\t\t\t\t\t\t\t<div class=\"background background-image\" style=\"background-image: url(https:\/\/fertilitycrete.eu\/wp-content\/uploads\/2017\/12\/new-facilities-photo-3-scaled.jpg);max-width:100%;height:400px;filter: progid:DXImageTransform.Microsoft.AlphaImageLoader(src='https:\/\/fertilitycrete.eu\/wp-content\/uploads\/2017\/12\/new-facilities-photo-3-scaled.jpg', sizingMethod='scale');\" data-imgwidth=\"2560\">\n\t\t\t\t\t\t\t\t\t\t\t\t\t\t\t\t\t\t\t\t\t\t\t\t\t\t\t\t\t\t\t\t\t\t\t\t\t\t\t\t\t\t\t\t\t\t\t\t\t\t\t\t\t\t\t\t\t\t\t\t\t\t\t\t\t\t<\/div>\n\t\t\t\t\t\t\t\t\t<\/li>\n\t\t\t\t\t\t\t\t\t\t\t\t\t\t\t\t\t<li data-mute=\"yes\" data-loop=\"yes\" data-autoplay=\"yes\">\n\t\t\t\t\t\t\t\t\t\t<div class=\"slide-content-container slide-content-left\" style=\"display: none;\">\n\t\t\t\t\t\t\t\t\t\t\t<div class=\"slide-content\" style=\"\">\n\t\t\t\t\t\t\t\t\t\t\t\t\t\t\t\t\t\t\t\t\t\t\t\t\t\t\t\t\t\t\t\t\t\t\t\t\t\t\t\t\t\t\t\t\t\t\t<\/div>\n\t\t\t\t\t\t\t\t\t\t<\/div>\n\t\t\t\t\t\t\t\t\t\t\t\t\t\t\t\t\t\t\t\t\t\t\t\t\t\t\t\t\t\t\t\t\t\t\t\t\t\t\t\t<div class=\"background background-image\" style=\"background-image: url(https:\/\/fertilitycrete.eu\/wp-content\/uploads\/2017\/12\/new-facilities-photo-2-scaled.jpg);max-width:100%;height:400px;filter: progid:DXImageTransform.Microsoft.AlphaImageLoader(src='https:\/\/fertilitycrete.eu\/wp-content\/uploads\/2017\/12\/new-facilities-photo-2-scaled.jpg', sizingMethod='scale');\" data-imgwidth=\"2560\">\n\t\t\t\t\t\t\t\t\t\t\t\t\t\t\t\t\t\t\t\t\t\t\t\t\t\t\t\t\t\t\t\t\t\t\t\t\t\t\t\t\t\t\t\t\t\t\t\t\t\t\t\t\t\t\t\t\t\t\t\t\t\t\t\t\t\t<\/div>\n\t\t\t\t\t\t\t\t\t<\/li>\n\t\t\t\t\t\t\t\t\t\t\t\t\t\t\t\t\t<li data-mute=\"yes\" data-loop=\"yes\" data-autoplay=\"yes\">\n\t\t\t\t\t\t\t\t\t\t<div class=\"slide-content-container slide-content-left\" style=\"display: none;\">\n\t\t\t\t\t\t\t\t\t\t\t<div class=\"slide-content\" style=\"\">\n\t\t\t\t\t\t\t\t\t\t\t\t\t\t\t\t\t\t\t\t\t\t\t\t\t\t\t\t\t\t\t\t\t\t\t\t\t\t\t\t\t\t\t\t\t\t\t<\/div>\n\t\t\t\t\t\t\t\t\t\t<\/div>\n\t\t\t\t\t\t\t\t\t\t\t\t\t\t\t\t\t\t\t\t\t\t\t\t\t\t\t\t\t\t\t\t\t\t\t\t\t\t\t\t<div class=\"background background-image\" style=\"background-image: url(https:\/\/fertilitycrete.eu\/wp-content\/uploads\/2017\/12\/new-facilities-photo-1-scaled.jpg);max-width:100%;height:400px;filter: progid:DXImageTransform.Microsoft.AlphaImageLoader(src='https:\/\/fertilitycrete.eu\/wp-content\/uploads\/2017\/12\/new-facilities-photo-1-scaled.jpg', sizingMethod='scale');\" data-imgwidth=\"2560\">\n\t\t\t\t\t\t\t\t\t\t\t\t\t\t\t\t\t\t\t\t\t\t\t\t\t\t\t\t\t\t\t\t\t\t\t\t\t\t\t\t\t\t\t\t\t\t\t\t\t\t\t\t\t\t\t\t\t\t\t\t\t\t\t\t\t\t<\/div>\n\t\t\t\t\t\t\t\t\t<\/li>\n\t\t\t\t\t\t\t\t\t\t\t\t\t\t\t\t\t\t\t\t\t\t\t<\/ul>\n\t\t\t\t\t\t<\/div>\n\t\t\t\t\t<\/div>\n\t\t\t\t\t\t\t\t<div class=\"fusion-title title fusion-title-1 fusion-title-text fusion-title-size-two\" id=\"postpagetitle\"><div class=\"title-sep-container title-sep-container-left fusion-no-large-visibility fusion-no-medium-visibility fusion-no-small-visibility\"><div class=\"title-sep sep- sep-solid\" style=\"border-color:#e2e2e2;\"><\/div><\/div><span class=\"awb-title-spacer fusion-no-large-visibility fusion-no-medium-visibility fusion-no-small-visibility\"><\/span><h2 class=\"fusion-title-heading title-heading-left fusion-responsive-typography-calculated\" style=\"margin:0;--fontSize:48;line-height:1.2;\">Clinic01<\/h2><span class=\"awb-title-spacer\"><\/span><div class=\"title-sep-container title-sep-container-right\"><div class=\"title-sep sep- sep-solid\" style=\"border-color:#e2e2e2;\"><\/div><\/div><\/div><\/div><\/div><\/div><\/div><div class=\"fusion-fullwidth fullwidth-box fusion-builder-row-2 fusion-flex-container nonhundred-percent-fullwidth non-hundred-percent-height-scrolling\" style=\"--awb-border-radius-top-left:0px;--awb-border-radius-top-right:0px;--awb-border-radius-bottom-right:0px;--awb-border-radius-bottom-left:0px;--awb-flex-wrap:wrap;\" ><div class=\"fusion-builder-row fusion-row fusion-flex-align-items-flex-start fusion-flex-content-wrap\" style=\"max-width:1216.8px;margin-left: calc(-4% \/ 2 );margin-right: calc(-4% \/ 2 );\"><div class=\"fusion-layout-column fusion_builder_column fusion-builder-column-1 fusion_builder_column_1_1 1_1 fusion-flex-column\" style=\"--awb-bg-size:cover;--awb-width-large:100%;--awb-margin-top-large:0px;--awb-spacing-right-large:1.92%;--awb-margin-bottom-large:5px;--awb-spacing-left-large:1.92%;--awb-width-medium:100%;--awb-order-medium:0;--awb-spacing-right-medium:1.92%;--awb-spacing-left-medium:1.92%;--awb-width-small:100%;--awb-order-small:0;--awb-spacing-right-small:1.92%;--awb-spacing-left-small:1.92%;\"><div class=\"fusion-column-wrapper fusion-column-has-shadow fusion-flex-justify-content-flex-start fusion-content-layout-column\"><div class=\"fusion-text fusion-text-1\" style=\"--awb-content-alignment:justify;\" id=\"textblock\"><p>Il fattore piu comune d&#8217;infertilita femminile e la disfunzione dell&#8217;ovulazione. Un altro e il fattore tubarico, La chiusura delle tube di Falloppio puo essere provocata da fattori che compromettono l&#8217;integrita della mucosa tubarica e quindi la sua funzionalita. Cause tali sono l&#8217;endometriosi e le infezioni pelviche acute o croniche. Inoltre alcune anomalie relative alla malformazione dell&#8217;utero o ai miomi uterini sono connesse con l&#8217;aborto ripetuto. Nelle donne fattori d&#8217;infertilita secondari potrebbero essere anche la vita sessuale attiva sin dall&#8217;eta molto giovane, gli aborti provocati multipli e il cambiamento di numerosi compagni sessuali. Ruolo decisivo assume anche la tendenza di posticipare la gravidanza, anche fino ai 40 anni o di piu per motivi d&#8217;istruzione, carriera, e impegni professionali o anche mancanza del compagno adatto.<\/p>\n<h3>Disfunzione Dell&#8217; Ovulazione<\/h3>\n<p>La disfunzione dell&#8217;ovulazione causa il 25% d&#8217;infertilita di copia. Puo essere causata da squilibri ormonali sia nell&#8217;ipotalamo che in ipofisi o da qualche patologia dell&#8217;ovaio stesso.<\/p>\n<h3>Disfunzione Della Secrezione Degli Ormoni FSH E LH<\/h3>\n<p>Questi ormoni sono responsabili per l&#8217;ovulazione e regolano il ciclo mestruale.\u00a0Vengono prodotti dall&#8217;ipofisi in un ritmo preciso e costante durante il ciclo. Eccesivo stress psico-somatico oppure l&#8217;aumento o diminuzione del peso corporeo a sbalzi, potrebbe squilibrarne la secrezione e influenzare il processo d&#8217;ovulazione. Meno spesso diverse patologie dell&#8217;ipofisi che creano squilibri di ormoni differenti possono provocare la disfunzione dell&#8217;ovulazione.<\/p>\n<h3>Sindrome Dell&#8217;ovaio Policistico (PCOS)<\/h3>\n<p>Caratteristica di questa sindrome e l&#8217;alterazione funzionale che subisce l&#8217;ipotalamo, l&#8217;ipofisi e l&#8217;ovaia con risultato l&#8217;ipersecrezione di ormoni maschili (androgeni) la quale altera il processo di ovulazione. Il PCOS puo riguardare l&#8217;insulinoresistenza e l&#8217; obesita.<\/p>\n<h3>Deficit Ormonale Durante La Fase Luteale O Progestinica<\/h3>\n<p>Esso capita quando l&#8217;ovaio non produce abbastanza progesterone dopo l&#8217;ovulazione. Il progesterone e un ormone d&#8217;importanza vitale perche agisce sulla mucosa uterina (endometrio) in modo tale da favorire l&#8217;annidamento dell&#8217;embrione e dare inizio alla gravidanza.<\/p>\n<h3>Insufficenza Ovarica Prematura<\/h3>\n<p><b>(guarda<\/b> <a href=\"http:\/\/www.fertilitycrete.it\/trattamenti-dinfertilita\/ovodonazione-di-ovociti-freschi\"><b>ovodonazione<\/b><\/a><b>)<\/b> Questa sindrome si provoca quanto l&#8217;organismo stesso attacca, per reazione sbagliata del sistema immunitario, il tessuto ovarico. L&#8217;esito di questa reazione anomala \u00e8 la perdita degli ovuli dalle ovaie e l&#8217;ipoestrogenismo.<\/p>\n<h3>Tube D\u00ec\u00a0Falloppio Danneggiate<\/h3>\n<p><b>(guarda<\/b> <a href=\"http:\/\/www.fertilitycrete.it\/trattamenti-dinfertilita\/fecondazione-in-vitro-fivet\"><b>fivet<\/b><\/a> <b>)<\/b> Quando le tube di Falloppio (dette anche salpingi) subiscono dei danni, vengono otturate o distrutte, allora gli spermatozoi si impediscono ad arrivare fino all&#8217;ovulo o anche si blocca il percorso dell&#8217;ovocita gi\u00e0 fecondato, verso l&#8217;utero. Le cause che possono provocare danneggiamenti alle salpingi sono:<\/p>\n<ul>\n<li>-Infezione delle salpingi o salpingite a causa di clamidia.<\/li>\n<li>-Una precedente gravidanza ectopica, durante la quale l&#8217;ovulo fecondato invece di entrare dentro l&#8217;utero, inizia a svilupparsi nelle tube di Falloppio.<\/li>\n<li>-Una precedente operazione chirurgica nel settore addominale o pelvico<\/li>\n<\/ul>\n<h3>Endometriosi<\/h3>\n<p><b>(guarda<\/b> <a href=\"http:\/\/www.fertilitycrete.it\/trattamenti-dinfertilita\/fecondazione-in-vitro-fivet\"><b>fivet<\/b><\/a>, <a href=\"http:\/\/www.fertilitycrete.it\/trattamenti-dinfertilita\/ovodonazione-di-ovociti-freschi\"><b>ovodonazione<\/b><\/a><b>)<\/b> L&#8217;endometriosi si manifesta quando i tessuti che si trovano all&#8217;interno dell&#8217;utero, l&#8217;endometrio iniziano a svilupparsi anche fuori di esso sulle ovaie, tube, peritoneo, intestino, vagina. Tale sviluppo anomalo e la sua asportazione chirurgica provocano delle cicatrizzazioni che impediscono il concepimento.<\/p>\n<h3>Stenosi o otturazione della cavit\u00e0\u00a0uterina<\/h3>\n<p><b>(guarda<\/b> <a href=\"http:\/\/www.fertilitycrete.it\/trattamenti-dinfertilita\/fecondazione-in-vitro-fivet\"><b>fivet<\/b><\/a>, <a href=\"http:\/\/www.fertilitycrete.it\/trattamenti-dinfertilita\/ovodonazione-di-ovociti-freschi\"><b>ovodonazione<\/b><\/a><b>)<\/b> E possibile che sia causata da qualche displasia ereditaria o dal danneggiamento dell&#8217;utero. Il risultato e l&#8217;incapacit\u00e0 di produzione di sostanza mucosa di qualit\u00e0, da poter facilitare cosi la movimentazione dello sperma durante la fecondazione. Inoltre se l&#8217;ingresso della cavit\u00e0 uterina risulta, otturato \u00e8 impossibile per lo spermatozoo di completare il percorso fino ad ovulo e di fecondarlo.<\/p>\n<h3>Patologie Dell&#8217;utero<\/h3>\n<p><b>(guarda<\/b> <a href=\"http:\/\/www.fertilitycrete.it\/trattamenti-dinfertilita\/fecondazione-in-vitro-fivet\"><b>fivet<\/b><\/a>, <a href=\"http:\/\/www.fertilitycrete.it\/trattamenti-dinfertilita\/ovodonazione-di-ovociti-freschi\"><b>ovodonazione<\/b><\/a><b>)<\/b> Dei polipi benigni o miomi nell&#8217;utero, non sono rari nelle donne di oltre 30 anni e possano causare l&#8217;infertilit\u00e0 otturando le salpingi o disturbando l&#8217;annidamento dell&#8217;ovulo fecondato. Oltretutto per\u00f2 un numero di donne abbastanza alto che soffre dalle patologie precedenti, riesce a rimanere incinta. Inoltre delle cicatrizzazioni all&#8217;interno dell&#8217;utero possano disturbare la fecondazione mentre alcune donne che sono nate con displasie uterine potranno avere difficolt\u00e0 di concepire o di portare al termine la gravidanza. (anche con il trattamento di <a href=\"http:\/\/www.fertilitycrete.it\/trattamenti-dinfertilita\/fecondazione-in-vitro-fivet\"><b>fivet<\/b><\/a> o di <a href=\"http:\/\/www.fertilitycrete.it\/trattamenti-dinfertilita\/ovodonazione-di-ovociti-freschi\"><b>ovodonazione<\/b><\/a>)<\/p>\n<h3>Fattori Abitudinali<\/h3>\n<p>E noto che alcune abitudini personali e lo stile di vita in generale infligge sulla nostra salute.\u00a0Molte cattive abitudini possono compromettere i tentativi della copia di concepire. Portare dei rimedi nello stile di vita pu\u00f2 non solo aumentare le possibilit\u00e0 di concepimento ma migliorare anche il livello della nostra salute in generale.<\/p>\n<h3>Alimentazione E Attivit\u00e0 Fisica<\/h3>\n<p>La funzione ideale del sistema riproduttivo esigue una dieta bilanciata e una discreta attivit\u00e0 fisica, le donne in sovrappeso o sottopeso possano avere difficolt\u00e0 di diventare\u00a0incinte.<\/p>\n<h3>Il Fumo<\/h3>\n<p>Si \u00e8 dimostrato che il fumo riduce la mobilit\u00e0 di spermatozoi e la qualita degli ovociti mentre aumenta il pericolo dell&#8217;aborto spontaneo e del parto prematuro nelle donne. Il fumo da chiunque dei partner riduce le probabilit\u00e0 di fecondazione sia naturale sia assistita sull&#8217;un terzo.<\/p>\n<h3>Alcool<\/h3>\n<p>Il consumo di alcool aumenta il pericolo di displasia sull&#8217;embrione, e se si trova in livelli alti nel sangue materno, pu\u00f2 provocare la sindrome alcoolica all&#8217;embrione. Inoltre l&#8217;alcool provoca diminuzione del numero degli spermatozoi all&#8217; uomo.<\/p>\n<h3>Sostanze Stupefacenti<\/h3>\n<p>Le droghe come la marijuana o l&#8217;uso di steroidi anabolizzanti, possano diminuire il numero di spermatozoi . l&#8217;uso di cocaina dalle donne in gravidanza pu\u00f2 provocare problemi alle reni e ritardo mentale all&#8217;embrione per questo la cocaina si considera la droga con gli effetti peggiori se usata durante la gravidanza. Anche l&#8217;uso di sostanze parestesiogene dovrebbe essere evitato durante i tentativi di concepimento e la gravidanza successiva.<\/p>\n<h3>Cause Ambientali<\/h3>\n<p>La capacit\u00e0 fecondativa pu\u00f2 essere gravemente compromessa dall&#8217;esposizione in tossine varie o sostanze chimiche che si trovano sia nell&#8217;ambiente circostante, sia quello lavorativo. Sostanze tali possono provocare mutazioni, anomalie varie e aborti spontanei o anche infertilit\u00e0 o sterilit\u00e0. Le anomalie come l&#8217;aborto e la teratogenesi, si trovano tra le prime dieci di tutte le patologie che sono correlate con l&#8217;ambiente lavorativo negli USA. A prescindere il fatto che esiste un grande dibattito sulle tossine e la loro influenza sulla fertilit\u00e0, sono quattro le sostanze individuate e messe sotto osservazione dalle entit\u00e0 statali e sono strettamente legate con l&#8217; infertilit\u00e0.<\/p>\n<h3>Il piombo<\/h3>\n<p>E dimostrato che l&#8217;esposizione ripetuta al piombo influenza negativamente la fertilit\u00e0 umana. Pu\u00f2 causare teratospermia (anomalia spermatica) e degli aborti spontanei.<\/p>\n<h3>Procedure diagnostiche &#8211; terapeutiche e materiale medico<\/h3>\n<p>L&#8217;esposizione ripetuta nelle radiazioni dai raggi alla radioterapia e le chemioterapie sono strettamente rapportate con l&#8217;indebolimento spermatico e di una vasta gamma di patologie ovariche.<\/p>\n<h3>Acido etilenico<\/h3>\n<p>Una sostanza che si usa per la sterilizzazione del materiale chirurgico e la produzione di fitofarmaci e pu\u00f2 provocare anomalie genetiche durante le prime fasi di gravidanza e aborti.<\/p>\n<h3>Dibromocloropropano (DBCP)<\/h3>\n<p>Un&#8217;altra sostanza che si usa nell&#8217;agricoltura che \u00e8 indagata per diverse patologie delle ovaie come menopausa prematura con effetto immediato nella fertilit\u00e0.<\/p>\n<\/div><\/div><\/div><\/div><\/div><\/p>\n","protected":false},"excerpt":{"rendered":"","protected":false},"author":1,"featured_media":0,"parent":9433,"menu_order":0,"comment_status":"closed","ping_status":"closed","template":"","meta":{"footnotes":""},"class_list":["post-9804","page","type-page","status-publish","hentry"],"_links":{"self":[{"href":"https:\/\/fertilitycrete.eu\/it\/wp-json\/wp\/v2\/pages\/9804","targetHints":{"allow":["GET"]}}],"collection":[{"href":"https:\/\/fertilitycrete.eu\/it\/wp-json\/wp\/v2\/pages"}],"about":[{"href":"https:\/\/fertilitycrete.eu\/it\/wp-json\/wp\/v2\/types\/page"}],"author":[{"embeddable":true,"href":"https:\/\/fertilitycrete.eu\/it\/wp-json\/wp\/v2\/users\/1"}],"replies":[{"embeddable":true,"href":"https:\/\/fertilitycrete.eu\/it\/wp-json\/wp\/v2\/comments?post=9804"}],"version-history":[{"count":5,"href":"https:\/\/fertilitycrete.eu\/it\/wp-json\/wp\/v2\/pages\/9804\/revisions"}],"predecessor-version":[{"id":13497,"href":"https:\/\/fertilitycrete.eu\/it\/wp-json\/wp\/v2\/pages\/9804\/revisions\/13497"}],"up":[{"embeddable":true,"href":"https:\/\/fertilitycrete.eu\/it\/wp-json\/wp\/v2\/pages\/9433"}],"wp:attachment":[{"href":"https:\/\/fertilitycrete.eu\/it\/wp-json\/wp\/v2\/media?parent=9804"}],"curies":[{"name":"wp","href":"https:\/\/api.w.org\/{rel}","templated":true}]}}