{"id":9865,"date":"2019-02-27T12:07:35","date_gmt":"2019-02-27T12:07:35","guid":{"rendered":"http:\/\/opendemo.gr\/fertility\/?page_id=9865"},"modified":"2022-11-28T13:11:03","modified_gmt":"2022-11-28T13:11:03","slug":"trattamenti-dinfertilita","status":"publish","type":"page","link":"https:\/\/fertilitycrete.eu\/it\/trattamenti-dinfertilita\/","title":{"rendered":"Trattamenti d\u2019infertilit\u00e0"},"content":{"rendered":"<p><div class=\"fusion-fullwidth fullwidth-box fusion-builder-row-1 fusion-flex-container nonhundred-percent-fullwidth non-hundred-percent-height-scrolling\" style=\"--awb-border-radius-top-left:0px;--awb-border-radius-top-right:0px;--awb-border-radius-bottom-right:0px;--awb-border-radius-bottom-left:0px;--awb-flex-wrap:wrap;\" ><div class=\"fusion-builder-row fusion-row fusion-flex-align-items-flex-start fusion-flex-content-wrap\" style=\"max-width:calc( 1170px + 0px );margin-left: calc(-0px \/ 2 );margin-right: calc(-0px \/ 2 );\"><div class=\"fusion-layout-column fusion_builder_column fusion-builder-column-0 fusion_builder_column_1_1 1_1 fusion-flex-column\" style=\"--awb-bg-size:cover;--awb-width-large:100%;--awb-margin-top-large:0px;--awb-spacing-right-large:0px;--awb-margin-bottom-large:5px;--awb-spacing-left-large:0px;--awb-width-medium:100%;--awb-order-medium:0;--awb-spacing-right-medium:0px;--awb-spacing-left-medium:0px;--awb-width-small:100%;--awb-order-small:0;--awb-spacing-right-small:0px;--awb-spacing-left-small:0px;\"><div class=\"fusion-column-wrapper fusion-column-has-shadow fusion-flex-justify-content-flex-start fusion-content-layout-column\">\t\t\t\t\t<div class=\"fusion-slider-container fusion-slider-sc-facilitiesslider fusion-slider-95 full-width-slider\" style=\"height:400px; max-width:100%;\" data-id=\"95\" data-full_height=\"\">\n\t\t\t\t\t\t<style type=\"text\/css\">.fusion-slider-95 .flex-direction-nav a {width:63px;height:63px;line-height:63px;font-size:25px;}<\/style>\t\t\t\t\t\t<div class=\"fusion-slider-loading\">Loading...<\/div>\n\t\t\t\t\t\t<div class=\"tfs-slider flexslider main-flex full-width-slider\" data-slider_width=\"100%\" data-slider_height=\"400px\" data-full_screen=\"0\" data-parallax=\"0\" data-nav_arrows=\"1\" data-nav_arrow_size=\"25px\" data-nav_box_width=\"63px\" data-nav_box_height=\"63px\" data-slideshow_speed=\"3000\" data-loop=\"0\" data-autoplay=\"1\" data-orderby=\"date\" data-order=\"DESC\" data-animation=\"fade\" data-animation_speed=\"600\" data-typo_sensitivity=\"1\" data-typo_factor=\"1.5\" style=\"max-width:100%;\">\n\t\t\t\t\t\t\t<ul class=\"slides\">\n\t\t\t\t\t\t\t\t\t\t\t\t\t\t\t\t\t<li data-mute=\"yes\" data-loop=\"yes\" data-autoplay=\"yes\">\n\t\t\t\t\t\t\t\t\t\t<div class=\"slide-content-container slide-content-left\" style=\"display: none;\">\n\t\t\t\t\t\t\t\t\t\t\t<div class=\"slide-content\" style=\"\">\n\t\t\t\t\t\t\t\t\t\t\t\t\t\t\t\t\t\t\t\t\t\t\t\t\t\t\t\t\t\t\t\t\t\t\t\t\t\t\t\t\t\t\t\t\t\t\t<\/div>\n\t\t\t\t\t\t\t\t\t\t<\/div>\n\t\t\t\t\t\t\t\t\t\t\t\t\t\t\t\t\t\t\t\t\t\t\t\t\t\t\t\t\t\t\t\t\t\t\t\t\t\t\t\t<div class=\"background background-image\" style=\"background-image: url(https:\/\/fertilitycrete.eu\/wp-content\/uploads\/2017\/12\/new-facilities-photo-10-scaled.jpg);max-width:100%;height:400px;filter: progid:DXImageTransform.Microsoft.AlphaImageLoader(src='https:\/\/fertilitycrete.eu\/wp-content\/uploads\/2017\/12\/new-facilities-photo-10-scaled.jpg', sizingMethod='scale');\" data-imgwidth=\"2560\">\n\t\t\t\t\t\t\t\t\t\t\t\t\t\t\t\t\t\t\t\t\t\t\t\t\t\t\t\t\t\t\t\t\t\t\t\t\t\t\t\t\t\t\t\t\t\t\t\t\t\t\t\t\t\t\t\t\t\t\t\t\t\t\t\t\t\t<\/div>\n\t\t\t\t\t\t\t\t\t<\/li>\n\t\t\t\t\t\t\t\t\t\t\t\t\t\t\t\t\t<li data-mute=\"yes\" data-loop=\"yes\" data-autoplay=\"yes\">\n\t\t\t\t\t\t\t\t\t\t<div class=\"slide-content-container slide-content-left\" style=\"display: none;\">\n\t\t\t\t\t\t\t\t\t\t\t<div class=\"slide-content\" style=\"\">\n\t\t\t\t\t\t\t\t\t\t\t\t\t\t\t\t\t\t\t\t\t\t\t\t\t\t\t\t\t\t\t\t\t\t\t\t\t\t\t\t\t\t\t\t\t\t\t<\/div>\n\t\t\t\t\t\t\t\t\t\t<\/div>\n\t\t\t\t\t\t\t\t\t\t\t\t\t\t\t\t\t\t\t\t\t\t\t\t\t\t\t\t\t\t\t\t\t\t\t\t\t\t\t\t<div class=\"background background-image\" style=\"background-image: url(https:\/\/fertilitycrete.eu\/wp-content\/uploads\/2017\/12\/new-facilities-photo-9-scaled.jpg);max-width:100%;height:400px;filter: progid:DXImageTransform.Microsoft.AlphaImageLoader(src='https:\/\/fertilitycrete.eu\/wp-content\/uploads\/2017\/12\/new-facilities-photo-9-scaled.jpg', sizingMethod='scale');\" data-imgwidth=\"2560\">\n\t\t\t\t\t\t\t\t\t\t\t\t\t\t\t\t\t\t\t\t\t\t\t\t\t\t\t\t\t\t\t\t\t\t\t\t\t\t\t\t\t\t\t\t\t\t\t\t\t\t\t\t\t\t\t\t\t\t\t\t\t\t\t\t\t\t<\/div>\n\t\t\t\t\t\t\t\t\t<\/li>\n\t\t\t\t\t\t\t\t\t\t\t\t\t\t\t\t\t<li data-mute=\"yes\" data-loop=\"yes\" data-autoplay=\"yes\">\n\t\t\t\t\t\t\t\t\t\t<div class=\"slide-content-container slide-content-left\" style=\"display: none;\">\n\t\t\t\t\t\t\t\t\t\t\t<div class=\"slide-content\" style=\"\">\n\t\t\t\t\t\t\t\t\t\t\t\t\t\t\t\t\t\t\t\t\t\t\t\t\t\t\t\t\t\t\t\t\t\t\t\t\t\t\t\t\t\t\t\t\t\t\t<\/div>\n\t\t\t\t\t\t\t\t\t\t<\/div>\n\t\t\t\t\t\t\t\t\t\t\t\t\t\t\t\t\t\t\t\t\t\t\t\t\t\t\t\t\t\t\t\t\t\t\t\t\t\t\t\t<div class=\"background background-image\" style=\"background-image: url(https:\/\/fertilitycrete.eu\/wp-content\/uploads\/2017\/12\/new-facilities-photo-8-scaled.jpg);max-width:100%;height:400px;filter: progid:DXImageTransform.Microsoft.AlphaImageLoader(src='https:\/\/fertilitycrete.eu\/wp-content\/uploads\/2017\/12\/new-facilities-photo-8-scaled.jpg', sizingMethod='scale');\" data-imgwidth=\"2560\">\n\t\t\t\t\t\t\t\t\t\t\t\t\t\t\t\t\t\t\t\t\t\t\t\t\t\t\t\t\t\t\t\t\t\t\t\t\t\t\t\t\t\t\t\t\t\t\t\t\t\t\t\t\t\t\t\t\t\t\t\t\t\t\t\t\t\t<\/div>\n\t\t\t\t\t\t\t\t\t<\/li>\n\t\t\t\t\t\t\t\t\t\t\t\t\t\t\t\t\t<li data-mute=\"yes\" data-loop=\"yes\" data-autoplay=\"yes\">\n\t\t\t\t\t\t\t\t\t\t<div class=\"slide-content-container slide-content-left\" style=\"display: none;\">\n\t\t\t\t\t\t\t\t\t\t\t<div class=\"slide-content\" style=\"\">\n\t\t\t\t\t\t\t\t\t\t\t\t\t\t\t\t\t\t\t\t\t\t\t\t\t\t\t\t\t\t\t\t\t\t\t\t\t\t\t\t\t\t\t\t\t\t\t<\/div>\n\t\t\t\t\t\t\t\t\t\t<\/div>\n\t\t\t\t\t\t\t\t\t\t\t\t\t\t\t\t\t\t\t\t\t\t\t\t\t\t\t\t\t\t\t\t\t\t\t\t\t\t\t\t<div class=\"background background-image\" style=\"background-image: url(https:\/\/fertilitycrete.eu\/wp-content\/uploads\/2017\/12\/new-facilities-photo-7-scaled.jpg);max-width:100%;height:400px;filter: progid:DXImageTransform.Microsoft.AlphaImageLoader(src='https:\/\/fertilitycrete.eu\/wp-content\/uploads\/2017\/12\/new-facilities-photo-7-scaled.jpg', sizingMethod='scale');\" data-imgwidth=\"2560\">\n\t\t\t\t\t\t\t\t\t\t\t\t\t\t\t\t\t\t\t\t\t\t\t\t\t\t\t\t\t\t\t\t\t\t\t\t\t\t\t\t\t\t\t\t\t\t\t\t\t\t\t\t\t\t\t\t\t\t\t\t\t\t\t\t\t\t<\/div>\n\t\t\t\t\t\t\t\t\t<\/li>\n\t\t\t\t\t\t\t\t\t\t\t\t\t\t\t\t\t<li data-mute=\"yes\" data-loop=\"yes\" data-autoplay=\"yes\">\n\t\t\t\t\t\t\t\t\t\t<div class=\"slide-content-container slide-content-left\" style=\"display: none;\">\n\t\t\t\t\t\t\t\t\t\t\t<div class=\"slide-content\" style=\"\">\n\t\t\t\t\t\t\t\t\t\t\t\t\t\t\t\t\t\t\t\t\t\t\t\t\t\t\t\t\t\t\t\t\t\t\t\t\t\t\t\t\t\t\t\t\t\t\t<\/div>\n\t\t\t\t\t\t\t\t\t\t<\/div>\n\t\t\t\t\t\t\t\t\t\t\t\t\t\t\t\t\t\t\t\t\t\t\t\t\t\t\t\t\t\t\t\t\t\t\t\t\t\t\t\t<div class=\"background background-image\" style=\"background-image: url(https:\/\/fertilitycrete.eu\/wp-content\/uploads\/2017\/12\/new-facilities-photo-6-scaled.jpg);max-width:100%;height:400px;filter: progid:DXImageTransform.Microsoft.AlphaImageLoader(src='https:\/\/fertilitycrete.eu\/wp-content\/uploads\/2017\/12\/new-facilities-photo-6-scaled.jpg', sizingMethod='scale');\" data-imgwidth=\"2560\">\n\t\t\t\t\t\t\t\t\t\t\t\t\t\t\t\t\t\t\t\t\t\t\t\t\t\t\t\t\t\t\t\t\t\t\t\t\t\t\t\t\t\t\t\t\t\t\t\t\t\t\t\t\t\t\t\t\t\t\t\t\t\t\t\t\t\t<\/div>\n\t\t\t\t\t\t\t\t\t<\/li>\n\t\t\t\t\t\t\t\t\t\t\t\t\t\t\t\t\t<li data-mute=\"yes\" data-loop=\"yes\" data-autoplay=\"yes\">\n\t\t\t\t\t\t\t\t\t\t<div class=\"slide-content-container slide-content-left\" style=\"display: none;\">\n\t\t\t\t\t\t\t\t\t\t\t<div class=\"slide-content\" style=\"\">\n\t\t\t\t\t\t\t\t\t\t\t\t\t\t\t\t\t\t\t\t\t\t\t\t\t\t\t\t\t\t\t\t\t\t\t\t\t\t\t\t\t\t\t\t\t\t\t<\/div>\n\t\t\t\t\t\t\t\t\t\t<\/div>\n\t\t\t\t\t\t\t\t\t\t\t\t\t\t\t\t\t\t\t\t\t\t\t\t\t\t\t\t\t\t\t\t\t\t\t\t\t\t\t\t<div class=\"background background-image\" style=\"background-image: url(https:\/\/fertilitycrete.eu\/wp-content\/uploads\/2017\/12\/new-facilities-photo-5-scaled.jpg);max-width:100%;height:400px;filter: progid:DXImageTransform.Microsoft.AlphaImageLoader(src='https:\/\/fertilitycrete.eu\/wp-content\/uploads\/2017\/12\/new-facilities-photo-5-scaled.jpg', sizingMethod='scale');\" data-imgwidth=\"2560\">\n\t\t\t\t\t\t\t\t\t\t\t\t\t\t\t\t\t\t\t\t\t\t\t\t\t\t\t\t\t\t\t\t\t\t\t\t\t\t\t\t\t\t\t\t\t\t\t\t\t\t\t\t\t\t\t\t\t\t\t\t\t\t\t\t\t\t<\/div>\n\t\t\t\t\t\t\t\t\t<\/li>\n\t\t\t\t\t\t\t\t\t\t\t\t\t\t\t\t\t<li data-mute=\"yes\" data-loop=\"yes\" data-autoplay=\"yes\">\n\t\t\t\t\t\t\t\t\t\t<div class=\"slide-content-container slide-content-left\" style=\"display: none;\">\n\t\t\t\t\t\t\t\t\t\t\t<div class=\"slide-content\" style=\"\">\n\t\t\t\t\t\t\t\t\t\t\t\t\t\t\t\t\t\t\t\t\t\t\t\t\t\t\t\t\t\t\t\t\t\t\t\t\t\t\t\t\t\t\t\t\t\t\t<\/div>\n\t\t\t\t\t\t\t\t\t\t<\/div>\n\t\t\t\t\t\t\t\t\t\t\t\t\t\t\t\t\t\t\t\t\t\t\t\t\t\t\t\t\t\t\t\t\t\t\t\t\t\t\t\t<div class=\"background background-image\" style=\"background-image: url(https:\/\/fertilitycrete.eu\/wp-content\/uploads\/2017\/12\/new-facilities-photo-4-scaled.jpg);max-width:100%;height:400px;filter: progid:DXImageTransform.Microsoft.AlphaImageLoader(src='https:\/\/fertilitycrete.eu\/wp-content\/uploads\/2017\/12\/new-facilities-photo-4-scaled.jpg', sizingMethod='scale');\" data-imgwidth=\"2560\">\n\t\t\t\t\t\t\t\t\t\t\t\t\t\t\t\t\t\t\t\t\t\t\t\t\t\t\t\t\t\t\t\t\t\t\t\t\t\t\t\t\t\t\t\t\t\t\t\t\t\t\t\t\t\t\t\t\t\t\t\t\t\t\t\t\t\t<\/div>\n\t\t\t\t\t\t\t\t\t<\/li>\n\t\t\t\t\t\t\t\t\t\t\t\t\t\t\t\t\t<li data-mute=\"yes\" data-loop=\"yes\" data-autoplay=\"yes\">\n\t\t\t\t\t\t\t\t\t\t<div class=\"slide-content-container slide-content-left\" style=\"display: none;\">\n\t\t\t\t\t\t\t\t\t\t\t<div class=\"slide-content\" style=\"\">\n\t\t\t\t\t\t\t\t\t\t\t\t\t\t\t\t\t\t\t\t\t\t\t\t\t\t\t\t\t\t\t\t\t\t\t\t\t\t\t\t\t\t\t\t\t\t\t<\/div>\n\t\t\t\t\t\t\t\t\t\t<\/div>\n\t\t\t\t\t\t\t\t\t\t\t\t\t\t\t\t\t\t\t\t\t\t\t\t\t\t\t\t\t\t\t\t\t\t\t\t\t\t\t\t<div class=\"background background-image\" style=\"background-image: url(https:\/\/fertilitycrete.eu\/wp-content\/uploads\/2017\/12\/new-facilities-photo-3-scaled.jpg);max-width:100%;height:400px;filter: progid:DXImageTransform.Microsoft.AlphaImageLoader(src='https:\/\/fertilitycrete.eu\/wp-content\/uploads\/2017\/12\/new-facilities-photo-3-scaled.jpg', sizingMethod='scale');\" data-imgwidth=\"2560\">\n\t\t\t\t\t\t\t\t\t\t\t\t\t\t\t\t\t\t\t\t\t\t\t\t\t\t\t\t\t\t\t\t\t\t\t\t\t\t\t\t\t\t\t\t\t\t\t\t\t\t\t\t\t\t\t\t\t\t\t\t\t\t\t\t\t\t<\/div>\n\t\t\t\t\t\t\t\t\t<\/li>\n\t\t\t\t\t\t\t\t\t\t\t\t\t\t\t\t\t<li data-mute=\"yes\" data-loop=\"yes\" data-autoplay=\"yes\">\n\t\t\t\t\t\t\t\t\t\t<div class=\"slide-content-container slide-content-left\" style=\"display: none;\">\n\t\t\t\t\t\t\t\t\t\t\t<div class=\"slide-content\" style=\"\">\n\t\t\t\t\t\t\t\t\t\t\t\t\t\t\t\t\t\t\t\t\t\t\t\t\t\t\t\t\t\t\t\t\t\t\t\t\t\t\t\t\t\t\t\t\t\t\t<\/div>\n\t\t\t\t\t\t\t\t\t\t<\/div>\n\t\t\t\t\t\t\t\t\t\t\t\t\t\t\t\t\t\t\t\t\t\t\t\t\t\t\t\t\t\t\t\t\t\t\t\t\t\t\t\t<div class=\"background background-image\" style=\"background-image: url(https:\/\/fertilitycrete.eu\/wp-content\/uploads\/2017\/12\/new-facilities-photo-2-scaled.jpg);max-width:100%;height:400px;filter: progid:DXImageTransform.Microsoft.AlphaImageLoader(src='https:\/\/fertilitycrete.eu\/wp-content\/uploads\/2017\/12\/new-facilities-photo-2-scaled.jpg', sizingMethod='scale');\" data-imgwidth=\"2560\">\n\t\t\t\t\t\t\t\t\t\t\t\t\t\t\t\t\t\t\t\t\t\t\t\t\t\t\t\t\t\t\t\t\t\t\t\t\t\t\t\t\t\t\t\t\t\t\t\t\t\t\t\t\t\t\t\t\t\t\t\t\t\t\t\t\t\t<\/div>\n\t\t\t\t\t\t\t\t\t<\/li>\n\t\t\t\t\t\t\t\t\t\t\t\t\t\t\t\t\t<li data-mute=\"yes\" data-loop=\"yes\" data-autoplay=\"yes\">\n\t\t\t\t\t\t\t\t\t\t<div class=\"slide-content-container slide-content-left\" style=\"display: none;\">\n\t\t\t\t\t\t\t\t\t\t\t<div class=\"slide-content\" style=\"\">\n\t\t\t\t\t\t\t\t\t\t\t\t\t\t\t\t\t\t\t\t\t\t\t\t\t\t\t\t\t\t\t\t\t\t\t\t\t\t\t\t\t\t\t\t\t\t\t<\/div>\n\t\t\t\t\t\t\t\t\t\t<\/div>\n\t\t\t\t\t\t\t\t\t\t\t\t\t\t\t\t\t\t\t\t\t\t\t\t\t\t\t\t\t\t\t\t\t\t\t\t\t\t\t\t<div class=\"background background-image\" style=\"background-image: url(https:\/\/fertilitycrete.eu\/wp-content\/uploads\/2017\/12\/new-facilities-photo-1-scaled.jpg);max-width:100%;height:400px;filter: progid:DXImageTransform.Microsoft.AlphaImageLoader(src='https:\/\/fertilitycrete.eu\/wp-content\/uploads\/2017\/12\/new-facilities-photo-1-scaled.jpg', sizingMethod='scale');\" data-imgwidth=\"2560\">\n\t\t\t\t\t\t\t\t\t\t\t\t\t\t\t\t\t\t\t\t\t\t\t\t\t\t\t\t\t\t\t\t\t\t\t\t\t\t\t\t\t\t\t\t\t\t\t\t\t\t\t\t\t\t\t\t\t\t\t\t\t\t\t\t\t\t<\/div>\n\t\t\t\t\t\t\t\t\t<\/li>\n\t\t\t\t\t\t\t\t\t\t\t\t\t\t\t\t\t\t\t\t\t\t\t<\/ul>\n\t\t\t\t\t\t<\/div>\n\t\t\t\t\t<\/div>\n\t\t\t\t\t\t\t\t<div class=\"fusion-title title fusion-title-1 fusion-title-text fusion-title-size-two\" id=\"postpagetitle\"><div class=\"title-sep-container title-sep-container-left fusion-no-large-visibility fusion-no-medium-visibility fusion-no-small-visibility\"><div class=\"title-sep sep- sep-solid\" style=\"border-color:#e2e2e2;\"><\/div><\/div><span class=\"awb-title-spacer fusion-no-large-visibility fusion-no-medium-visibility fusion-no-small-visibility\"><\/span><h2 class=\"fusion-title-heading title-heading-left fusion-responsive-typography-calculated\" style=\"margin:0;--fontSize:48;line-height:1.2;\">Clinic01<\/h2><span class=\"awb-title-spacer\"><\/span><div class=\"title-sep-container title-sep-container-right\"><div class=\"title-sep sep- sep-solid\" style=\"border-color:#e2e2e2;\"><\/div><\/div><\/div><\/div><\/div><\/div><\/div><div class=\"fusion-fullwidth fullwidth-box fusion-builder-row-2 fusion-flex-container nonhundred-percent-fullwidth non-hundred-percent-height-scrolling\" style=\"--awb-border-radius-top-left:0px;--awb-border-radius-top-right:0px;--awb-border-radius-bottom-right:0px;--awb-border-radius-bottom-left:0px;--awb-flex-wrap:wrap;\" ><div class=\"fusion-builder-row fusion-row fusion-flex-align-items-flex-start fusion-flex-content-wrap\" style=\"max-width:1216.8px;margin-left: calc(-4% \/ 2 );margin-right: calc(-4% \/ 2 );\"><div class=\"fusion-layout-column fusion_builder_column fusion-builder-column-1 fusion_builder_column_1_1 1_1 fusion-flex-column\" style=\"--awb-bg-size:cover;--awb-width-large:100%;--awb-margin-top-large:0px;--awb-spacing-right-large:1.92%;--awb-margin-bottom-large:5px;--awb-spacing-left-large:1.92%;--awb-width-medium:100%;--awb-order-medium:0;--awb-spacing-right-medium:1.92%;--awb-spacing-left-medium:1.92%;--awb-width-small:100%;--awb-order-small:0;--awb-spacing-right-small:1.92%;--awb-spacing-left-small:1.92%;\"><div class=\"fusion-column-wrapper fusion-column-has-shadow fusion-flex-justify-content-flex-start fusion-content-layout-column\"><div class=\"fusion-text fusion-text-1\" style=\"--awb-content-alignment:justify;\" id=\"textblock\"><p><img class=\"lazyload\" decoding=\"async\" src=\"data:image\/svg+xml,%3Csvg%20xmlns%3D%27http%3A%2F%2Fwww.w3.org%2F2000%2Fsvg%27%20width%3D%27600%27%20height%3D%27286%27%20viewBox%3D%270%200%20600%20286%27%3E%3Crect%20width%3D%27600%27%20height%3D%27286%27%20fill-opacity%3D%220%22%2F%3E%3C%2Fsvg%3E\" data-orig-src=\"https:\/\/fertilitycrete.eu\/wp-content\/uploads\/2021\/10\/underwaterswimmer.jpg\" alt=\"\" width=\"600\" height=\"286\" \/><\/p>\n<p>Pittura di Maria Filopoulou &#8220;NUOTATRICE SUBACQUEA \u0406&#8221;(OIL ON CANVAS) &#8211; 61x68cm. <a href=\"https:\/\/www.mariafilopoulou.com\/\" target=\"_blank\" rel=\"noopener\">www.mariafilopoulou.com<\/a><\/p>\n<p><em>al sogno di fecondare il mare, come un corpo di donna a diventare madre&#8230;&#8221; Comento di Daniel Sibony (psicanalista) <\/em><\/p>\n<p>Il <strong>Centro fertilit\u00e0 di Creta<\/strong> offre un&#8217;ampia gamma di trattamenti di fertilit\u00e0 scelte per gli uomini e le donne. I nostri servizi includono:<\/p>\n<ul>\n<li><strong><a title=\"Nuove Tecniche che possono aumentare la percentuale di sucesso delle gravidanze\" href=\"https:\/\/www.fertilitycrete.eu\/it\/trattamenti-dinfertilita\/nuove-tecniche-che-possono-aumentare-la-percentuale-di-sucesso-delle-gravidanze\/\">Nuove Tecniche che possono aumentare la percentuale di sucesso delle gravidanze<\/a><\/strong><\/li>\n<li><strong><a title=\"Sperm Diagram \u2013 Semen Analysis\" href=\"https:\/\/www.fertilitycrete.eu\/it\/trattamenti-dinfertilita\/spermodiagramma-analisi-dello-sperma\/\">Spermodiagramma &#8211; Analisi dello sperma<\/a><\/strong><\/li>\n<li><strong><a title=\"Sperm Swim up - Percoll\" href=\"https:\/\/www.fertilitycrete.eu\/it\/trattamenti-dinfertilita\/sperma-swim-up-percoll\/\">Sperma Swim-up Percoll<\/a><\/strong><\/li>\n<li><strong><a title=\"IUI Intra uterine insemination\" href=\"https:\/\/www.fertilitycrete.eu\/it\/trattamenti-dinfertilita\/aih-inseminazione-intrauterina-omologa\/\">Preparazione di spermatozoi inseminazione intrauterina omologa eterologa (IUI)<\/a><\/strong><\/li>\n<li><strong><a title=\"Ovulation Induction\" href=\"https:\/\/www.fertilitycrete.eu\/it\/trattamenti-dinfertilita\/induzione-dellovulazione\/\">Induzione dell&#8217;ovulazione-inseminazione artificiale (AIA)<\/a><\/strong><\/li>\n<li><strong>Maturazione in Vitro (IVM)<\/strong><\/li>\n<li><strong>MACS \u2013 Tecnica di nuova generazione per selezionare spermatozoi<\/strong><\/li>\n<li><b><a title=\"IVF In Vitro Fertilization\" href=\"https:\/\/www.fertilitycrete.eu\/it\/trattamenti-dinfertilita\/fecondazione-in-vitro-fivet\/\">Fecondazione in vitro<\/a><\/b> <b>(<\/b><a title=\"IVF In Vitro Fertilization\" href=\"https:\/\/www.fertilitycrete.it\/trattamenti-dinfertilita\/fecondazione-in-vitro-fivet\/\"><b>FIVET<\/b><\/a><b>)<\/b><\/li>\n<li><b><a title=\"Fecondazione eterologa\" href=\"https:\/\/www.fertilitycrete.eu\/it\/trattamenti-dinfertilita\/fecondazione-eterologa\/\">Fecondazione eterologa<\/a><\/b><\/li>\n<li><strong><a title=\"ICSI Intra-cytoplasmic sperm injection\" href=\"https:\/\/fertilitycrete.eu\/it\/trattamenti-dinfertilita\/microiniezione-intracitoplasmatica-dello-spermatozoo-icsi\/\">ICSI &#8211; Fecondazione in vitro con la tecnica di microiniezione intraovocitaria dello spermatozoo, in casi di fattore maschile severo, deficit di fecondazione preliminare o in casi di sterilita senza causa<\/a><\/strong><\/li>\n<li><strong>PICSI \u2013 Selezione di spermatozoi maturi prima dell\u2019ICSI<\/strong><\/li>\n<li><strong>IMSI Iniezione Intra-citoplasmatica di spermatozoi Morfologicamente Selezionati Lo spermatozoo da iniettare all\u2019interno dell\u2019 ovocita viene selezionato mediante alti ingrandimenti microscopici.<\/strong><\/li>\n<li><strong><a title=\"Laser Assisted Hatching\" href=\"https:\/\/www.fertilitycrete.eu\/it\/trattamenti-dinfertilita\/assisted-hatching-laser\">Assisted Laser Hatching (AHA) Tecnica di micromanipolazione che agevola l\u2019impianto degli embrioni. Con laser si aprono piccoli fori sulla mambrana degli embrioni. Cosi si agevola il loro impianto nell\u2019 utero.<\/a><\/strong><\/li>\n<li><strong><a title=\"TESA - TESE IVF\" href=\"https:\/\/www.fertilitycrete.eu\/it\/trattamenti-dinfertilita\/tesa-tese-fiv-icsi-aspirazioneestrazione-testicolareepididimale-di-sperma\/\">FTESE &#8211; TESA &#8211; ICSI: Fecondazione in vitro con microiniezione itraovocitaria (ICSI) con spermatozoi che si recuperano con biopsia testicolare (TESE) o con aspirazione dello spermatozoo dal testicolo (TESA)<\/a><\/strong><\/li>\n<li><strong><a title=\"PGD\" href=\"https:\/\/www.fertilitycrete.eu\/it\/trattamenti-dinfertilita\/pgd-diagnosi-genetica-pre-impianto\/\">PGD &#8211; Tecniche di diagnostica preimplatazione che consentono di studiare le caratteristiche genetiche dell&#8217;embrione, prima che avvenga la sua impiantazionne all&#8217;utero<\/a><\/strong><\/li>\n<li><strong><a title=\"PGS\" href=\"https:\/\/www.fertilitycrete.eu\/it\/trattamenti-dinfertilita\/pgs-screening-genetico-preimpianto\/\">PGS &#8211; Screening Genetico Preimpianto<\/a><\/strong><\/li>\n<li><strong><a title=\"Array-CGH\" href=\"https:\/\/www.fertilitycrete.eu\/it\/trattamenti-dinfertilita\/array-cgh\/\">Array Comparative Genomic Hybridization (Array CGH)<\/a><\/strong><\/li>\n<li><a title=\"Ovodonazione\" href=\"https:\/\/www.fertilitycrete.it\/trattamenti-dinfertilita\/ovodonazione-di-ovociti-freschi\/\"><b>Ovodonazione<\/b><\/a> <b><a title=\"Ovodonazione\" href=\"https:\/\/www.fertilitycrete.it\/trattamenti-dinfertilita\/ovodonazione-di-ovociti-freschi\">di ovociti<\/a><\/b><\/li>\n<li><strong>Asynchronous Embryo Transfer (ASET) \u2013 \u03a4rasferimento di embrioni personalizzato in base di ricettivit\u00e0 endometriale<\/strong><\/li>\n<li><strong><a title=\"Oocyte Cryopreservation (Vitrification) \u2013 Oocyte Bank\" href=\"https:\/\/www.fertilitycrete.eu\/it\/trattamenti-dinfertilita\/crioconservazione-di-ovociti-vitrificazione-banca-di-ovociti\/\">Crioconservazione, Vitrificazione degli ovociti- Banca degli ovociti<\/a><\/strong><\/li>\n<li><strong><a title=\"Embryo Cryopreservation\" href=\"https:\/\/www.fertilitycrete.eu\/it\/trattamenti-dinfertilita\/crioconservazione-di-embrioni\/\">Crioconservazione degli embrioni<\/a><\/strong><\/li>\n<li><strong><a title=\"Sperm Cryopreservation - Sperm Bank\" href=\"https:\/\/www.fertilitycrete.eu\/it\/trattamenti-dinfertilita\/crioconservazione-spermatica-banca-del-seme\/\">Crioconservazione degli spermatozoi &#8211; Banca del Seme<\/a><\/strong><\/li>\n<li><strong><a title=\"Surrogazione D\u00ec Maternita\" href=\"https:\/\/www.fertilitycrete.eu\/it\/trattamenti-dinfertilita\/surrogazione-di-maternita-o-maternita-su-commissione\/\">Surrogazione D\u00ec Maternita<\/a><\/strong><\/li>\n<li><strong><a title=\"Analisi molecolare di microbioma\" href=\"https:\/\/fertilitycrete.eu\/it\/trattamenti-dinfertilita\/analisi-molecolare-di-microbioma\/\">Analisi molecolare di microbioma<\/a><\/strong><\/li>\n<li><strong>HLA &#8211; antigene leucocitario umano \/complesso di istocompatibilit\u00e0<\/strong><\/li>\n<\/ul>\n<p>Questa sezione contiene informazioni su ciascuno dei nostri servizi per darvi la possibilit\u00e0 di imparare di pi\u00f9 sulla valutazione di trattamenti d&#8217;infertilit\u00e0 e le opzioni di trattamento.<\/p>\n<\/div><\/div><\/div><\/div><\/div><\/p>\n","protected":false},"excerpt":{"rendered":"","protected":false},"author":1,"featured_media":0,"parent":0,"menu_order":0,"comment_status":"closed","ping_status":"closed","template":"","meta":{"footnotes":""},"class_list":["post-9865","page","type-page","status-publish","hentry"],"_links":{"self":[{"href":"https:\/\/fertilitycrete.eu\/it\/wp-json\/wp\/v2\/pages\/9865","targetHints":{"allow":["GET"]}}],"collection":[{"href":"https:\/\/fertilitycrete.eu\/it\/wp-json\/wp\/v2\/pages"}],"about":[{"href":"https:\/\/fertilitycrete.eu\/it\/wp-json\/wp\/v2\/types\/page"}],"author":[{"embeddable":true,"href":"https:\/\/fertilitycrete.eu\/it\/wp-json\/wp\/v2\/users\/1"}],"replies":[{"embeddable":true,"href":"https:\/\/fertilitycrete.eu\/it\/wp-json\/wp\/v2\/comments?post=9865"}],"version-history":[{"count":7,"href":"https:\/\/fertilitycrete.eu\/it\/wp-json\/wp\/v2\/pages\/9865\/revisions"}],"predecessor-version":[{"id":14012,"href":"https:\/\/fertilitycrete.eu\/it\/wp-json\/wp\/v2\/pages\/9865\/revisions\/14012"}],"wp:attachment":[{"href":"https:\/\/fertilitycrete.eu\/it\/wp-json\/wp\/v2\/media?parent=9865"}],"curies":[{"name":"wp","href":"https:\/\/api.w.org\/{rel}","templated":true}]}}